{"id":2383,"date":"2024-05-27T02:52:44","date_gmt":"2024-05-27T05:52:44","guid":{"rendered":"http:\/\/lmsprovider.com\/?page_id=2383"},"modified":"2024-05-27T03:10:13","modified_gmt":"2024-05-27T06:10:13","slug":"disclaimer-port","status":"publish","type":"page","link":"http:\/\/lmsprovider.com\/?page_id=2383","title":{"rendered":"Disclaimer"},"content":{"rendered":"\t\t<div data-elementor-type=\"wp-page\" data-elementor-id=\"2383\" class=\"elementor elementor-2383\" data-elementor-post-type=\"page\">\n\t\t\t\t<div class=\"elementor-element elementor-element-e9bb96c e-con-full e-flex e-con e-parent\" data-id=\"e9bb96c\" data-element_type=\"container\">\n\t\t\t\t<div class=\"elementor-element elementor-element-8dba9bc elementor-widget elementor-widget-heading\" data-id=\"8dba9bc\" data-element_type=\"widget\" data-widget_type=\"heading.default\">\n\t\t\t\t<div class=\"elementor-widget-container\">\n\t\t\t<style>\/*! elementor - v3.21.0 - 26-05-2024 *\/\n.elementor-heading-title{padding:0;margin:0;line-height:1}.elementor-widget-heading .elementor-heading-title[class*=elementor-size-]>a{color:inherit;font-size:inherit;line-height:inherit}.elementor-widget-heading .elementor-heading-title.elementor-size-small{font-size:15px}.elementor-widget-heading .elementor-heading-title.elementor-size-medium{font-size:19px}.elementor-widget-heading .elementor-heading-title.elementor-size-large{font-size:29px}.elementor-widget-heading .elementor-heading-title.elementor-size-xl{font-size:39px}.elementor-widget-heading .elementor-heading-title.elementor-size-xxl{font-size:59px}<\/style><h2 class=\"elementor-heading-title elementor-size-default\">Disclaimer para Lincoln Management Services<\/h2>\t\t<\/div>\n\t\t\t\t<\/div>\n\t\t\t\t<div class=\"elementor-element elementor-element-6dffca75 elementor-widget elementor-widget-text-editor\" data-id=\"6dffca75\" data-element_type=\"widget\" data-widget_type=\"text-editor.default\">\n\t\t\t\t<div class=\"elementor-widget-container\">\n\t\t\t<style>\/*! elementor - v3.21.0 - 26-05-2024 *\/\n.elementor-widget-text-editor.elementor-drop-cap-view-stacked .elementor-drop-cap{background-color:#69727d;color:#fff}.elementor-widget-text-editor.elementor-drop-cap-view-framed .elementor-drop-cap{color:#69727d;border:3px solid;background-color:transparent}.elementor-widget-text-editor:not(.elementor-drop-cap-view-default) .elementor-drop-cap{margin-top:8px}.elementor-widget-text-editor:not(.elementor-drop-cap-view-default) .elementor-drop-cap-letter{width:1em;height:1em}.elementor-widget-text-editor .elementor-drop-cap{float:left;text-align:center;line-height:1;font-size:50px}.elementor-widget-text-editor .elementor-drop-cap-letter{display:inline-block}<\/style>\t\t\t\t<p>\u00daltima atualiza\u00e7\u00e3o: 25 de maio de 2024<\/p><p>Se voc\u00ea precisar de mais informa\u00e7\u00f5es ou tiver alguma d\u00favida sobre a isen\u00e7\u00e3o de responsabilidade do nosso site, sinta-se \u00e0 vontade para nos contatar pelo e-mail lincoln@lmsprovider.com. Nosso Isen\u00e7\u00e3o de responsabilidade foi gerada com a ajuda do Gerador de Isen\u00e7\u00e3o de Responsabilidade Gratuito.<\/p><h2>Isen\u00e7\u00f5es de responsabilidade para o provedor LMS<\/h2><p>Todas as informa\u00e7\u00f5es contidas neste site &#8211; lmsprovider.com &#8211; s\u00e3o publicadas de boa f\u00e9 e apenas para fins de informa\u00e7\u00e3o geral. O Provedor LMS n\u00e3o oferece nenhuma garantia sobre a integridade, confiabilidade e precis\u00e3o dessas informa\u00e7\u00f5es. Qualquer a\u00e7\u00e3o que voc\u00ea tome com base nas informa\u00e7\u00f5es encontradas neste site (Provedor LMS) \u00e9 estritamente por sua conta e risco. O Provedor LMS n\u00e3o ser\u00e1 respons\u00e1vel por quaisquer perdas e\/ou danos relacionados ao uso do nosso site.<\/p><p>A partir do nosso site, voc\u00ea pode visitar outros sites seguindo hiperlinks para esses sites externos. Embora nos esforcemos para fornecer apenas links de qualidade para sites \u00fateis e \u00e9ticos, n\u00e3o temos controle sobre o conte\u00fado e a natureza desses sites. Estes links para outros sites n\u00e3o implicam uma recomenda\u00e7\u00e3o para todo o conte\u00fado encontrado nesses sites. Os propriet\u00e1rios e o conte\u00fado do site podem mudar sem aviso pr\u00e9vio e podem ocorrer antes que tenhamos a oportunidade de remover um link que possa ter ficado \u201cruim\u201d.<\/p><p>Esteja ciente tamb\u00e9m de que quando voc\u00ea sai do nosso site, outros sites podem ter pol\u00edticas e termos de privacidade diferentes que est\u00e3o al\u00e9m do nosso controle. Certifique-se de verificar as Pol\u00edticas de Privacidade desses sites, bem como seus \u201cTermos de Servi\u00e7o\u201d antes de iniciar qualquer neg\u00f3cio ou enviar qualquer informa\u00e7\u00e3o.<\/p><h2>Consentimento<\/h2><p>Ao utilizar nosso site, voc\u00ea concorda com nossa isen\u00e7\u00e3o de responsabilidade e concorda com seus termos.<\/p><h2>Atualizar<\/h2><p>Caso atualizemos, alteremos ou fa\u00e7amos quaisquer altera\u00e7\u00f5es neste documento, essas altera\u00e7\u00f5es ser\u00e3o publicadas com destaque aqui.<\/p>\t\t\t\t\t\t<\/div>\n\t\t\t\t<\/div>\n\t\t\t\t<\/div>\n\t\t\t\t<\/div>\n\t\t","protected":false},"excerpt":{"rendered":"<p>Disclaimer para Lincoln Management Services \u00daltima atualiza\u00e7\u00e3o: 25 de maio de 2024 Se voc\u00ea precisar de mais informa\u00e7\u00f5es ou tiver alguma d\u00favida sobre a isen\u00e7\u00e3o de responsabilidade do nosso site, sinta-se \u00e0 vontade para nos contatar pelo e-mail lincoln@lmsprovider.com. Nosso Isen\u00e7\u00e3o de responsabilidade foi gerada com a ajuda do Gerador de Isen\u00e7\u00e3o de Responsabilidade Gratuito. Isen\u00e7\u00f5es de responsabilidade para o &hellip;<\/p>\n","protected":false},"author":1,"featured_media":0,"parent":0,"menu_order":0,"comment_status":"closed","ping_status":"closed","template":"blank-builder.php","meta":{"footnotes":""},"_links":{"self":[{"href":"http:\/\/lmsprovider.com\/index.php?rest_route=\/wp\/v2\/pages\/2383"}],"collection":[{"href":"http:\/\/lmsprovider.com\/index.php?rest_route=\/wp\/v2\/pages"}],"about":[{"href":"http:\/\/lmsprovider.com\/index.php?rest_route=\/wp\/v2\/types\/page"}],"author":[{"embeddable":true,"href":"http:\/\/lmsprovider.com\/index.php?rest_route=\/wp\/v2\/users\/1"}],"replies":[{"embeddable":true,"href":"http:\/\/lmsprovider.com\/index.php?rest_route=%2Fwp%2Fv2%2Fcomments&post=2383"}],"version-history":[{"count":5,"href":"http:\/\/lmsprovider.com\/index.php?rest_route=\/wp\/v2\/pages\/2383\/revisions"}],"predecessor-version":[{"id":2394,"href":"http:\/\/lmsprovider.com\/index.php?rest_route=\/wp\/v2\/pages\/2383\/revisions\/2394"}],"wp:attachment":[{"href":"http:\/\/lmsprovider.com\/index.php?rest_route=%2Fwp%2Fv2%2Fmedia&parent=2383"}],"curies":[{"name":"wp","href":"https:\/\/api.w.org\/{rel}","templated":true}]}}