{"id":1597,"date":"2024-05-16T16:34:34","date_gmt":"2024-05-16T19:34:34","guid":{"rendered":"http:\/\/lmsprovider.com\/?page_id=1597"},"modified":"2024-05-29T11:38:47","modified_gmt":"2024-05-29T14:38:47","slug":"home-port","status":"publish","type":"page","link":"https:\/\/lmsprovider.com\/","title":{"rendered":"Home PORT"},"content":{"rendered":"\t\t<div data-elementor-type=\"wp-page\" data-elementor-id=\"1597\" class=\"elementor elementor-1597\" data-elementor-post-type=\"page\">\n\t\t\t\t<div class=\"elementor-element elementor-element-19f76ce4 e-flex e-con-boxed e-con e-parent\" data-id=\"19f76ce4\" data-element_type=\"container\">\n\t\t\t\t\t<div class=\"e-con-inner\">\n\t\t\t\t<div class=\"elementor-element elementor-element-6a15c2d2 elementor-widget elementor-widget-spacer\" data-id=\"6a15c2d2\" data-element_type=\"widget\" data-widget_type=\"spacer.default\">\n\t\t\t\t<div class=\"elementor-widget-container\">\n\t\t\t<style>\/*! elementor - v3.21.0 - 26-05-2024 *\/\n.elementor-column .elementor-spacer-inner{height:var(--spacer-size)}.e-con{--container-widget-width:100%}.e-con-inner>.elementor-widget-spacer,.e-con>.elementor-widget-spacer{width:var(--container-widget-width,var(--spacer-size));--align-self:var(--container-widget-align-self,initial);--flex-shrink:0}.e-con-inner>.elementor-widget-spacer>.elementor-widget-container,.e-con>.elementor-widget-spacer>.elementor-widget-container{height:100%;width:100%}.e-con-inner>.elementor-widget-spacer>.elementor-widget-container>.elementor-spacer,.e-con>.elementor-widget-spacer>.elementor-widget-container>.elementor-spacer{height:100%}.e-con-inner>.elementor-widget-spacer>.elementor-widget-container>.elementor-spacer>.elementor-spacer-inner,.e-con>.elementor-widget-spacer>.elementor-widget-container>.elementor-spacer>.elementor-spacer-inner{height:var(--container-widget-height,var(--spacer-size))}.e-con-inner>.elementor-widget-spacer.elementor-widget-empty,.e-con>.elementor-widget-spacer.elementor-widget-empty{position:relative;min-height:22px;min-width:22px}.e-con-inner>.elementor-widget-spacer.elementor-widget-empty .elementor-widget-empty-icon,.e-con>.elementor-widget-spacer.elementor-widget-empty .elementor-widget-empty-icon{position:absolute;top:0;bottom:0;left:0;right:0;margin:auto;padding:0;width:22px;height:22px}<\/style>\t\t<div class=\"elementor-spacer\">\n\t\t\t<div class=\"elementor-spacer-inner\"><\/div>\n\t\t<\/div>\n\t\t\t\t<\/div>\n\t\t\t\t<\/div>\n\t\t\t\t\t<\/div>\n\t\t\t\t<\/div>\n\t\t<div class=\"elementor-element elementor-element-b2d286d e-con-full e-flex e-con e-parent\" data-id=\"b2d286d\" data-element_type=\"container\" data-settings=\"{&quot;background_background&quot;:&quot;classic&quot;}\">\n\t\t<div class=\"elementor-element elementor-element-39d0e7f9 e-flex e-con-boxed e-con e-child\" data-id=\"39d0e7f9\" data-element_type=\"container\" data-settings=\"{&quot;background_background&quot;:&quot;classic&quot;}\">\n\t\t\t\t\t<div class=\"e-con-inner\">\n\t\t<div class=\"elementor-element elementor-element-2de0b6de e-con-full e-flex e-con e-child\" data-id=\"2de0b6de\" data-element_type=\"container\">\n\t\t\t\t<div class=\"elementor-element elementor-element-2e723b79 elementor-widget elementor-widget-heading\" data-id=\"2e723b79\" data-element_type=\"widget\" data-widget_type=\"heading.default\">\n\t\t\t\t<div class=\"elementor-widget-container\">\n\t\t\t<style>\/*! elementor - v3.21.0 - 26-05-2024 *\/\n.elementor-heading-title{padding:0;margin:0;line-height:1}.elementor-widget-heading .elementor-heading-title[class*=elementor-size-]>a{color:inherit;font-size:inherit;line-height:inherit}.elementor-widget-heading .elementor-heading-title.elementor-size-small{font-size:15px}.elementor-widget-heading .elementor-heading-title.elementor-size-medium{font-size:19px}.elementor-widget-heading .elementor-heading-title.elementor-size-large{font-size:29px}.elementor-widget-heading .elementor-heading-title.elementor-size-xl{font-size:39px}.elementor-widget-heading .elementor-heading-title.elementor-size-xxl{font-size:59px}<\/style><h2 class=\"elementor-heading-title elementor-size-default\">Tem d\u00favidas para come\u00e7ar a operar no mercado latino-americano? Fale comigo.<\/h2>\t\t<\/div>\n\t\t\t\t<\/div>\n\t\t\t\t<\/div>\n\t\t<div class=\"elementor-element elementor-element-6488d308 e-con-full e-flex e-con e-child\" data-id=\"6488d308\" data-element_type=\"container\">\n\t\t\t\t<\/div>\n\t\t\t\t\t<\/div>\n\t\t\t\t<\/div>\n\t\t\t\t<\/div>\n\t\t<div class=\"elementor-element elementor-element-2d78983 e-flex e-con-boxed e-con e-parent\" data-id=\"2d78983\" data-element_type=\"container\">\n\t\t\t\t\t<div class=\"e-con-inner\">\n\t\t<div class=\"elementor-element elementor-element-4a9df67 e-con-full e-flex e-con e-child\" data-id=\"4a9df67\" data-element_type=\"container\" data-settings=\"{&quot;background_background&quot;:&quot;gradient&quot;}\">\n\t\t\t\t<div class=\"elementor-element elementor-element-953e8cb elementor-widget elementor-widget-text-editor\" data-id=\"953e8cb\" data-element_type=\"widget\" data-widget_type=\"text-editor.default\">\n\t\t\t\t<div class=\"elementor-widget-container\">\n\t\t\t<style>\/*! elementor - v3.21.0 - 26-05-2024 *\/\n.elementor-widget-text-editor.elementor-drop-cap-view-stacked .elementor-drop-cap{background-color:#69727d;color:#fff}.elementor-widget-text-editor.elementor-drop-cap-view-framed .elementor-drop-cap{color:#69727d;border:3px solid;background-color:transparent}.elementor-widget-text-editor:not(.elementor-drop-cap-view-default) .elementor-drop-cap{margin-top:8px}.elementor-widget-text-editor:not(.elementor-drop-cap-view-default) .elementor-drop-cap-letter{width:1em;height:1em}.elementor-widget-text-editor .elementor-drop-cap{float:left;text-align:center;line-height:1;font-size:50px}.elementor-widget-text-editor .elementor-drop-cap-letter{display:inline-block}<\/style>\t\t\t\t<p class=\"p1\">Conhe\u00e7a <span class=\"s1\"><b>Lincoln Management Services<\/b><\/span>, sua parceira estrat\u00e9gica para o sucesso empresarial no Brasil <span class=\"s2\">e nos demais pa\u00edses da Am\u00e9rica Latina<\/span>. Somos uma consultoria especializada em fornecer apoio gerencial e estrat\u00e9gico para empresas que desejam estabelecer e operar com sucesso <span class=\"s2\">nos mercados brasileiro e latino-americano<\/span>. Com uma equipe experiente, que domina o cen\u00e1rio empresarial local, nos comprometemos a ajudar companhias a navegar pelas complexidades do ambiente de neg\u00f3cios <span class=\"s2\">da regi\u00e3o<\/span> e a alcan\u00e7ar seus objetivos de expans\u00e3o com confian\u00e7a e efic\u00e1cia. N\u00f3s compreendemos os desafios \u00fanicos enfrentados pelas empresas ao entrar no mercado <span class=\"s2\">latino-americano<\/span>. Desde quest\u00f5es regulat\u00f3rias e jur\u00eddicas at\u00e9 nuances culturais e concorr\u00eancia acirrada, estamos aqui para dar orienta\u00e7\u00e3o estrat\u00e9gica e solu\u00e7\u00f5es personalizadas que impulsionem o sucesso.<\/p>\t\t\t\t\t\t<\/div>\n\t\t\t\t<\/div>\n\t\t\t\t<\/div>\n\t\t<div class=\"elementor-element elementor-element-81fab91 e-con-full e-flex e-con e-child\" data-id=\"81fab91\" data-element_type=\"container\">\n\t\t<div class=\"elementor-element elementor-element-20f927f e-con-full e-flex e-con e-child\" data-id=\"20f927f\" data-element_type=\"container\">\n\t\t<div class=\"elementor-element elementor-element-c454c39 e-con-full e-flex e-con e-child\" data-id=\"c454c39\" data-element_type=\"container\">\n\t\t\t\t<div class=\"elementor-element elementor-element-85e5d4b jkit-equal-height-disable elementor-widget elementor-widget-jkit_icon_box\" data-id=\"85e5d4b\" data-element_type=\"widget\" data-widget_type=\"jkit_icon_box.default\">\n\t\t\t\t<div class=\"elementor-widget-container\">\n\t\t\t<div  class=\"jeg-elementor-kit jkit-icon-box icon-position-left elementor-animation- jeg_module___69f5ed3225160\" ><a href=\"#\" class=\"icon-box-link\" aria-label=\"Learn More\"><div class=\"jkit-icon-box-wrapper hover-from-left\"><div class=\"icon-box icon-box-header elementor-animation-\"><div class=\"icon style-color\"><svg viewBox=\"0 0 512 512\" xmlns=\"http:\/\/www.w3.org\/2000\/svg\"><path d=\"M504 256c0 136.967-111.033 248-248 248S8 392.967 8 256 119.033 8 256 8s248 111.033 248 248zM227.314 387.314l184-184c6.248-6.248 6.248-16.379 0-22.627l-22.627-22.627c-6.248-6.249-16.379-6.249-22.628 0L216 308.118l-70.059-70.059c-6.248-6.248-16.379-6.248-22.628 0l-22.627 22.627c-6.248 6.248-6.248 16.379 0 22.627l104 104c6.249 6.249 16.379 6.249 22.628.001z\"><\/path><\/svg><\/div><\/div><div class=\"icon-box icon-box-body\">\n                <h4 class=\"title\">Mercado <\/h4><p class=\"icon-box-description\">Estudos mercadol\u00f3gicos para dimensionar o mercado potencial.<\/p>\n            <\/div>\n            \n            <\/div><\/a><\/div>\t\t<\/div>\n\t\t\t\t<\/div>\n\t\t\t\t<\/div>\n\t\t<div class=\"elementor-element elementor-element-13316a8 e-con-full e-flex e-con e-child\" data-id=\"13316a8\" data-element_type=\"container\">\n\t\t\t\t<div class=\"elementor-element elementor-element-81a707e jkit-equal-height-disable elementor-widget elementor-widget-jkit_icon_box\" data-id=\"81a707e\" data-element_type=\"widget\" data-widget_type=\"jkit_icon_box.default\">\n\t\t\t\t<div class=\"elementor-widget-container\">\n\t\t\t<div  class=\"jeg-elementor-kit jkit-icon-box icon-position-left elementor-animation- jeg_module__1_69f5ed3226640\" ><a href=\"#\" class=\"icon-box-link\" aria-label=\"Learn More\"><div class=\"jkit-icon-box-wrapper hover-from-left\"><div class=\"icon-box icon-box-header elementor-animation-\"><div class=\"icon style-color\"><svg viewBox=\"0 0 512 512\" xmlns=\"http:\/\/www.w3.org\/2000\/svg\"><path d=\"M504 256c0 136.967-111.033 248-248 248S8 392.967 8 256 119.033 8 256 8s248 111.033 248 248zM227.314 387.314l184-184c6.248-6.248 6.248-16.379 0-22.627l-22.627-22.627c-6.248-6.249-16.379-6.249-22.628 0L216 308.118l-70.059-70.059c-6.248-6.248-16.379-6.248-22.628 0l-22.627 22.627c-6.248 6.248-6.248 16.379 0 22.627l104 104c6.249 6.249 16.379 6.249 22.628.001z\"><\/path><\/svg><\/div><\/div><div class=\"icon-box icon-box-body\">\n                <h4 class=\"title\">Jur\u00eddico <\/h4><p class=\"icon-box-description\">Estudos que determinam a melhor forma de opera\u00e7\u00e3o.<\/p>\n            <\/div>\n            \n            <\/div><\/a><\/div>\t\t<\/div>\n\t\t\t\t<\/div>\n\t\t\t\t<\/div>\n\t\t<div class=\"elementor-element elementor-element-3c06de1 e-con-full e-flex e-con e-child\" data-id=\"3c06de1\" data-element_type=\"container\">\n\t\t\t\t<div class=\"elementor-element elementor-element-425b8e6 jkit-equal-height-disable elementor-widget elementor-widget-jkit_icon_box\" data-id=\"425b8e6\" data-element_type=\"widget\" data-widget_type=\"jkit_icon_box.default\">\n\t\t\t\t<div class=\"elementor-widget-container\">\n\t\t\t<div  class=\"jeg-elementor-kit jkit-icon-box icon-position-left elementor-animation- jeg_module__2_69f5ed32275cd\" ><a href=\"#\" class=\"icon-box-link\" aria-label=\"Learn More\"><div class=\"jkit-icon-box-wrapper hover-from-left\"><div class=\"icon-box icon-box-header elementor-animation-\"><div class=\"icon style-color\"><svg viewBox=\"0 0 512 512\" xmlns=\"http:\/\/www.w3.org\/2000\/svg\"><path d=\"M504 256c0 136.967-111.033 248-248 248S8 392.967 8 256 119.033 8 256 8s248 111.033 248 248zM227.314 387.314l184-184c6.248-6.248 6.248-16.379 0-22.627l-22.627-22.627c-6.248-6.249-16.379-6.249-22.628 0L216 308.118l-70.059-70.059c-6.248-6.248-16.379-6.248-22.628 0l-22.627 22.627c-6.248 6.248-6.248 16.379 0 22.627l104 104c6.249 6.249 16.379 6.249 22.628.001z\"><\/path><\/svg><\/div><\/div><div class=\"icon-box icon-box-body\">\n                <h4 class=\"title\">Cont\u00e1bil <\/h4><p class=\"icon-box-description\">Estudos cont\u00e1beis para otimiza\u00e7\u00e3o de taxas e impostos.<\/p>\n            <\/div>\n            \n            <\/div><\/a><\/div>\t\t<\/div>\n\t\t\t\t<\/div>\n\t\t\t\t<\/div>\n\t\t<div class=\"elementor-element elementor-element-9d8cd9b e-con-full e-flex e-con e-child\" data-id=\"9d8cd9b\" data-element_type=\"container\">\n\t\t\t\t<div class=\"elementor-element elementor-element-90fdb51 jkit-equal-height-disable elementor-widget elementor-widget-jkit_icon_box\" data-id=\"90fdb51\" data-element_type=\"widget\" data-widget_type=\"jkit_icon_box.default\">\n\t\t\t\t<div class=\"elementor-widget-container\">\n\t\t\t<div  class=\"jeg-elementor-kit jkit-icon-box icon-position-left elementor-animation- jeg_module__3_69f5ed32284d9\" ><a href=\"#\" class=\"icon-box-link\" aria-label=\"Learn More\"><div class=\"jkit-icon-box-wrapper hover-from-left\"><div class=\"icon-box icon-box-header elementor-animation-\"><div class=\"icon style-color\"><svg viewBox=\"0 0 512 512\" xmlns=\"http:\/\/www.w3.org\/2000\/svg\"><path d=\"M504 256c0 136.967-111.033 248-248 248S8 392.967 8 256 119.033 8 256 8s248 111.033 248 248zM227.314 387.314l184-184c6.248-6.248 6.248-16.379 0-22.627l-22.627-22.627c-6.248-6.249-16.379-6.249-22.628 0L216 308.118l-70.059-70.059c-6.248-6.248-16.379-6.248-22.628 0l-22.627 22.627c-6.248 6.248-6.248 16.379 0 22.627l104 104c6.249 6.249 16.379 6.249 22.628.001z\"><\/path><\/svg><\/div><\/div><div class=\"icon-box icon-box-body\">\n                <h4 class=\"title\">Compliance <\/h4><p class=\"icon-box-description\">Implementa\u00e7\u00e3o da Governan\u00e7a Corporativa, ESG e Compliance.<\/p>\n            <\/div>\n            \n            <\/div><\/a><\/div>\t\t<\/div>\n\t\t\t\t<\/div>\n\t\t\t\t<\/div>\n\t\t<div class=\"elementor-element elementor-element-9e4ecc6 e-con-full e-flex e-con e-child\" data-id=\"9e4ecc6\" data-element_type=\"container\">\n\t\t\t\t<div class=\"elementor-element elementor-element-3cc38b1 jkit-equal-height-disable elementor-widget elementor-widget-jkit_icon_box\" data-id=\"3cc38b1\" data-element_type=\"widget\" data-widget_type=\"jkit_icon_box.default\">\n\t\t\t\t<div class=\"elementor-widget-container\">\n\t\t\t<div  class=\"jeg-elementor-kit jkit-icon-box icon-position-left elementor-animation- jeg_module__4_69f5ed3229496\" ><a href=\"#\" class=\"icon-box-link\" aria-label=\"Learn More\"><div class=\"jkit-icon-box-wrapper hover-from-left\"><div class=\"icon-box icon-box-header elementor-animation-\"><div class=\"icon style-color\"><svg viewBox=\"0 0 512 512\" xmlns=\"http:\/\/www.w3.org\/2000\/svg\"><path d=\"M504 256c0 136.967-111.033 248-248 248S8 392.967 8 256 119.033 8 256 8s248 111.033 248 248zM227.314 387.314l184-184c6.248-6.248 6.248-16.379 0-22.627l-22.627-22.627c-6.248-6.249-16.379-6.249-22.628 0L216 308.118l-70.059-70.059c-6.248-6.248-16.379-6.248-22.628 0l-22.627 22.627c-6.248 6.248-6.248 16.379 0 22.627l104 104c6.249 6.249 16.379 6.249 22.628.001z\"><\/path><\/svg><\/div><\/div><div class=\"icon-box icon-box-body\">\n                <h4 class=\"title\">Operacional <\/h4><p class=\"icon-box-description\">Participa\u00e7\u00e3o operacional durante o start-up, durante tempo determinado.<\/p>\n            <\/div>\n            \n            <\/div><\/a><\/div>\t\t<\/div>\n\t\t\t\t<\/div>\n\t\t\t\t<\/div>\n\t\t<div class=\"elementor-element elementor-element-cf630b8 e-con-full e-flex e-con e-child\" data-id=\"cf630b8\" data-element_type=\"container\">\n\t\t\t\t<div class=\"elementor-element elementor-element-ba223fc jkit-equal-height-disable elementor-widget elementor-widget-jkit_icon_box\" data-id=\"ba223fc\" data-element_type=\"widget\" data-widget_type=\"jkit_icon_box.default\">\n\t\t\t\t<div class=\"elementor-widget-container\">\n\t\t\t<div  class=\"jeg-elementor-kit jkit-icon-box icon-position-left elementor-animation- jeg_module__5_69f5ed322a3c9\" ><a href=\"#\" class=\"icon-box-link\" aria-label=\"Learn More\"><div class=\"jkit-icon-box-wrapper hover-from-left\"><div class=\"icon-box icon-box-header elementor-animation-\"><div class=\"icon style-color\"><svg viewBox=\"0 0 512 512\" xmlns=\"http:\/\/www.w3.org\/2000\/svg\"><path d=\"M504 256c0 136.967-111.033 248-248 248S8 392.967 8 256 119.033 8 256 8s248 111.033 248 248zM227.314 387.314l184-184c6.248-6.248 6.248-16.379 0-22.627l-22.627-22.627c-6.248-6.249-16.379-6.249-22.628 0L216 308.118l-70.059-70.059c-6.248-6.248-16.379-6.248-22.628 0l-22.627 22.627c-6.248 6.248-6.248 16.379 0 22.627l104 104c6.249 6.249 16.379 6.249 22.628.001z\"><\/path><\/svg><\/div><\/div><div class=\"icon-box icon-box-body\">\n                <h4 class=\"title\">Certifica\u00e7\u00e3o<\/h4><p class=\"icon-box-description\">Apoio nas certifica\u00e7\u00f5es ISO e de comercio exterior.<\/p>\n            <\/div>\n            \n            <\/div><\/a><\/div>\t\t<\/div>\n\t\t\t\t<\/div>\n\t\t\t\t<\/div>\n\t\t\t\t<\/div>\n\t\t\t\t<\/div>\n\t\t\t\t\t<\/div>\n\t\t\t\t<\/div>\n\t\t<div class=\"elementor-element elementor-element-64005ad e-flex e-con-boxed e-con e-parent\" data-id=\"64005ad\" data-element_type=\"container\">\n\t\t\t\t\t<div class=\"e-con-inner\">\n\t\t<div class=\"elementor-element elementor-element-e00879b e-flex e-con-boxed e-con e-child\" data-id=\"e00879b\" data-element_type=\"container\">\n\t\t\t\t\t<div class=\"e-con-inner\">\n\t\t<div class=\"elementor-element elementor-element-545b5c0 e-con-full e-flex e-con e-child\" data-id=\"545b5c0\" data-element_type=\"container\">\n\t\t\t\t<div class=\"elementor-element elementor-element-12f3b2a elementor-widget elementor-widget-jkit_heading\" data-id=\"12f3b2a\" data-element_type=\"widget\" data-widget_type=\"jkit_heading.default\">\n\t\t\t\t<div class=\"elementor-widget-container\">\n\t\t\t<div  class=\"jeg-elementor-kit jkit-heading  align-center align-tablet- align-mobile- jeg_module__6_69f5ed322da4b\" ><div class=\"heading-section-title  display-inline-block\"><h4 class=\"heading-title\">Quem faz?<\/h4><\/div><h3 class=\"heading-section-subtitle  style-color\">Lincoln Machado de Sousa<\/h3><div class=\"heading-section-description\"><\/div><\/div>\t\t<\/div>\n\t\t\t\t<\/div>\n\t\t\t\t<div class=\"elementor-element elementor-element-d08e2c6 elementor-widget elementor-widget-image\" data-id=\"d08e2c6\" data-element_type=\"widget\" data-widget_type=\"image.default\">\n\t\t\t\t<div class=\"elementor-widget-container\">\n\t\t\t<style>\/*! elementor - v3.21.0 - 26-05-2024 *\/\n.elementor-widget-image{text-align:center}.elementor-widget-image a{display:inline-block}.elementor-widget-image a img[src$=\".svg\"]{width:48px}.elementor-widget-image img{vertical-align:middle;display:inline-block}<\/style>\t\t\t\t\t\t\t\t\t\t<img fetchpriority=\"high\" decoding=\"async\" width=\"667\" height=\"1001\" src=\"https:\/\/lmsprovider.com\/wp-content\/uploads\/2024\/05\/lincoln-03.jpg\" class=\"attachment-medium_large size-medium_large wp-image-2479\" alt=\"\" srcset=\"https:\/\/lmsprovider.com\/wp-content\/uploads\/2024\/05\/lincoln-03.jpg 667w, https:\/\/lmsprovider.com\/wp-content\/uploads\/2024\/05\/lincoln-03-200x300.jpg 200w\" sizes=\"(max-width: 667px) 100vw, 667px\" \/>\t\t\t\t\t\t\t\t\t\t\t\t\t<\/div>\n\t\t\t\t<\/div>\n\t\t\t\t<\/div>\n\t\t<div class=\"elementor-element elementor-element-f22bd5a e-con-full e-flex e-con e-child\" data-id=\"f22bd5a\" data-element_type=\"container\">\n\t\t\t\t<div class=\"elementor-element elementor-element-f6c3fcd elementor-widget elementor-widget-text-editor\" data-id=\"f6c3fcd\" data-element_type=\"widget\" data-widget_type=\"text-editor.default\">\n\t\t\t\t<div class=\"elementor-widget-container\">\n\t\t\t\t\t\t\t<p class=\"p1\">Gestor corporativo, generalista, com amplas habilidades e experi\u00eancia em finan\u00e7as, controladoria, vendas e \u00e1reas t\u00e9cnicas. Vasta experi\u00eancia em <i>start-ups<\/i> e <i>turnarounds<\/i> de empresas.<\/p><p class=\"p1\"><i>Team builder<\/i>, orientado a pessoas com forte foco estrat\u00e9gico em resultados, com\u00a0experi\u00eancias nos mercados de Energia (usinas hidrel\u00e9tricas, t\u00e9rmicas, solares e e\u00f3licas), \u00d3leo &amp; G\u00e1s e Servi\u00e7os.<\/p><p class=\"p1\">Graduado em Engenharia Mec\u00e2nica pela <strong>Escola Polit\u00e9cnica da USP<\/strong>, em 1981, p\u00f3s-graduado em Administra\u00e7\u00e3o de Empresas pela <strong>FGV\/CEAG<\/strong>, em 1986, e com diversas especializa\u00e7\u00f5es:<\/p><ul class=\"ul1\"><li class=\"li1\">Parceria para o Desenvolvimento Industrial, <strong>Funda\u00e7\u00e3o Dom Cabral<\/strong>, 1998<\/li><li class=\"li1\">MBA Executivo Internacional, <strong>FEA, USP<\/strong>, 1999 (partes em <strong>Wharton<\/strong> e <strong>Vanderbillt<\/strong>\u00a0&#8211; EUA)<\/li><li>Programa de Gest\u00e3o Geral II (<strong>WHU-Otto Besheim School of Management<\/strong>) &#8211; Koblenz &#8211; AG setembro de 2011<\/li><\/ul>\t\t\t\t\t\t<\/div>\n\t\t\t\t<\/div>\n\t\t\t\t<\/div>\n\t\t<div class=\"elementor-element elementor-element-272d5db e-con-full e-flex e-con e-child\" data-id=\"272d5db\" data-element_type=\"container\">\n\t\t\t\t<div class=\"elementor-element elementor-element-b095058 elementor-widget elementor-widget-text-editor\" data-id=\"b095058\" data-element_type=\"widget\" data-widget_type=\"text-editor.default\">\n\t\t\t\t<div class=\"elementor-widget-container\">\n\t\t\t\t\t\t\t<ul><li>Programa de Gest\u00e3o Geral I (<strong>University\u2019s Said Business School<\/strong>) &#8211; Oxford &#8211; Reino Unido, julho de 2011<\/li><\/ul><p>\u00a0<\/p><p>Atua\u00e7\u00f5es significativas em companhias importantes:<\/p><ul><li class=\"li1\">2 passagens pela <span class=\"s1\"><b>Jaragu\u00e1 S\/A Ind\u00fastrias Mec\u00e2nicas<\/b><\/span>, como Engenheiro Projetista e Gerente Comercial entre 1982 e 1990, e como Diretor Administrativo Financeiro nos anos de 2003 e 2004<\/li><li class=\"li1\">na <span class=\"s1\"><b>Voith S\/A<\/b><\/span>, como Gerente de Controladoria e Administra\u00e7\u00e3o de Contratos de 1995 a 2000<\/li><li class=\"li1\">2 passagens pela <span class=\"s1\"><b>Voith Siemens Hydro Power Generation<\/b><\/span>, como gerente financeiro entre 2000 e 2002, e como General Manager <span class=\"s2\">da unidade <\/span><span class=\"s3\"><b>Voith Hydro Services<\/b><\/span><b> <\/b>de 2004 a 2010<\/li><li class=\"li1\">na <span class=\"s1\"><b>Man Diesel &amp; Turbo Brasil<\/b><\/span>, Managing Director e General Manager entre 2010 e 2014<\/li><li>Atualmente tamb\u00e9m atua como Diretor Executivo da <span class=\"s1\"><b>Brazil Ports Consulting<\/b><\/span>.<\/li><\/ul>\t\t\t\t\t\t<\/div>\n\t\t\t\t<\/div>\n\t\t\t\t<\/div>\n\t\t\t\t\t<\/div>\n\t\t\t\t<\/div>\n\t\t\t\t\t<\/div>\n\t\t\t\t<\/div>\n\t\t<div class=\"elementor-element elementor-element-7c7c33d8 e-flex e-con-boxed e-con e-parent\" data-id=\"7c7c33d8\" data-element_type=\"container\">\n\t\t\t\t\t<div class=\"e-con-inner\">\n\t\t<div class=\"elementor-element elementor-element-503ad272 e-con-full e-flex e-con e-child\" data-id=\"503ad272\" data-element_type=\"container\" data-settings=\"{&quot;background_background&quot;:&quot;classic&quot;}\">\n\t\t<div class=\"elementor-element elementor-element-67a4ca0d e-con-full e-flex e-con e-child\" data-id=\"67a4ca0d\" data-element_type=\"container\">\n\t\t<div class=\"elementor-element elementor-element-7488067f e-con-full e-flex e-con e-child\" data-id=\"7488067f\" data-element_type=\"container\">\n\t\t\t\t<div class=\"elementor-element elementor-element-15093a87 elementor-widget elementor-widget-jkit_heading\" data-id=\"15093a87\" data-element_type=\"widget\" data-widget_type=\"jkit_heading.default\">\n\t\t\t\t<div class=\"elementor-widget-container\">\n\t\t\t<div  class=\"jeg-elementor-kit jkit-heading  align-left align-tablet-left align-mobile-center jeg_module__7_69f5ed3231424\" ><div class=\"heading-section-title  display-inline-block\"><h4 class=\"heading-title\">Tudo o que a sua empresa precisa para alcan\u00e7ar resultados na Am\u00e9rica Latina<\/h4><\/div><\/div>\t\t<\/div>\n\t\t\t\t<\/div>\n\t\t\t\t<div class=\"elementor-element elementor-element-15cc2034 elementor-widget elementor-widget-button\" data-id=\"15cc2034\" data-element_type=\"widget\" data-widget_type=\"button.default\">\n\t\t\t\t<div class=\"elementor-widget-container\">\n\t\t\t\t\t<div class=\"elementor-button-wrapper\">\n\t\t\t<a class=\"elementor-button elementor-button-link elementor-size-sm\" href=\"mailto:%20lincoln@lmsprovider.com\">\n\t\t\t\t\t\t<span class=\"elementor-button-content-wrapper\">\n\t\t\t\t\t\t\t\t\t<span class=\"elementor-button-text\">Entre em contato<\/span>\n\t\t\t\t\t<\/span>\n\t\t\t\t\t<\/a>\n\t\t<\/div>\n\t\t\t\t<\/div>\n\t\t\t\t<\/div>\n\t\t\t\t<\/div>\n\t\t<div class=\"elementor-element elementor-element-f2d14d0 e-con-full e-flex e-con e-child\" data-id=\"f2d14d0\" data-element_type=\"container\">\n\t\t\t\t<div class=\"elementor-element elementor-element-37be341e elementor-widget elementor-widget-image\" data-id=\"37be341e\" data-element_type=\"widget\" data-widget_type=\"image.default\">\n\t\t\t\t<div class=\"elementor-widget-container\">\n\t\t\t\t\t\t\t\t\t\t\t\t\t<img decoding=\"async\" width=\"822\" height=\"685\" src=\"https:\/\/lmsprovider.com\/wp-content\/uploads\/2024\/05\/Asset-025-novoB.png\" class=\"attachment-full size-full wp-image-2483\" alt=\"\" srcset=\"https:\/\/lmsprovider.com\/wp-content\/uploads\/2024\/05\/Asset-025-novoB.png 822w, https:\/\/lmsprovider.com\/wp-content\/uploads\/2024\/05\/Asset-025-novoB-300x250.png 300w, https:\/\/lmsprovider.com\/wp-content\/uploads\/2024\/05\/Asset-025-novoB-768x640.png 768w\" sizes=\"(max-width: 822px) 100vw, 822px\" \/>\t\t\t\t\t\t\t\t\t\t\t\t\t<\/div>\n\t\t\t\t<\/div>\n\t\t\t\t<\/div>\n\t\t\t\t<\/div>\n\t\t\t\t<\/div>\n\t\t\t\t\t<\/div>\n\t\t\t\t<\/div>\n\t\t\t\t<\/div>\n\t\t","protected":false},"excerpt":{"rendered":"<p>Tem d\u00favidas para come\u00e7ar a operar no mercado latino-americano? Fale comigo. Conhe\u00e7a Lincoln Management Services, sua parceira estrat\u00e9gica para o sucesso empresarial no Brasil e nos demais pa\u00edses da Am\u00e9rica Latina. Somos uma consultoria especializada em fornecer apoio gerencial e estrat\u00e9gico para empresas que desejam estabelecer e operar com sucesso nos mercados brasileiro e latino-americano. Com uma equipe experiente, que &hellip;<\/p>\n","protected":false},"author":1,"featured_media":0,"parent":0,"menu_order":0,"comment_status":"closed","ping_status":"closed","template":"blank-builder.php","meta":{"footnotes":""},"_links":{"self":[{"href":"https:\/\/lmsprovider.com\/index.php?rest_route=\/wp\/v2\/pages\/1597"}],"collection":[{"href":"https:\/\/lmsprovider.com\/index.php?rest_route=\/wp\/v2\/pages"}],"about":[{"href":"https:\/\/lmsprovider.com\/index.php?rest_route=\/wp\/v2\/types\/page"}],"author":[{"embeddable":true,"href":"https:\/\/lmsprovider.com\/index.php?rest_route=\/wp\/v2\/users\/1"}],"replies":[{"embeddable":true,"href":"https:\/\/lmsprovider.com\/index.php?rest_route=%2Fwp%2Fv2%2Fcomments&post=1597"}],"version-history":[{"count":458,"href":"https:\/\/lmsprovider.com\/index.php?rest_route=\/wp\/v2\/pages\/1597\/revisions"}],"predecessor-version":[{"id":2486,"href":"https:\/\/lmsprovider.com\/index.php?rest_route=\/wp\/v2\/pages\/1597\/revisions\/2486"}],"wp:attachment":[{"href":"https:\/\/lmsprovider.com\/index.php?rest_route=%2Fwp%2Fv2%2Fmedia&parent=1597"}],"curies":[{"name":"wp","href":"https:\/\/api.w.org\/{rel}","templated":true}]}}