{"id":1639,"date":"2024-05-20T17:57:40","date_gmt":"2024-05-20T20:57:40","guid":{"rendered":"http:\/\/lmsprovider.com\/?page_id=1639"},"modified":"2024-05-28T14:12:58","modified_gmt":"2024-05-28T17:12:58","slug":"mercado-port","status":"publish","type":"page","link":"https:\/\/lmsprovider.com\/?page_id=1639","title":{"rendered":"Mercado PORT"},"content":{"rendered":"\t\t<div data-elementor-type=\"wp-page\" data-elementor-id=\"1639\" class=\"elementor elementor-1639\" data-elementor-post-type=\"page\">\n\t\t\t\t<div class=\"elementor-element elementor-element-5dd5000e e-flex e-con-boxed e-con e-parent\" data-id=\"5dd5000e\" data-element_type=\"container\">\n\t\t\t\t\t<div class=\"e-con-inner\">\n\t\t\t\t<div class=\"elementor-element elementor-element-6f96c3ee elementor-widget elementor-widget-spacer\" data-id=\"6f96c3ee\" data-element_type=\"widget\" data-widget_type=\"spacer.default\">\n\t\t\t\t<div class=\"elementor-widget-container\">\n\t\t\t<style>\/*! elementor - v3.21.0 - 26-05-2024 *\/\n.elementor-column .elementor-spacer-inner{height:var(--spacer-size)}.e-con{--container-widget-width:100%}.e-con-inner>.elementor-widget-spacer,.e-con>.elementor-widget-spacer{width:var(--container-widget-width,var(--spacer-size));--align-self:var(--container-widget-align-self,initial);--flex-shrink:0}.e-con-inner>.elementor-widget-spacer>.elementor-widget-container,.e-con>.elementor-widget-spacer>.elementor-widget-container{height:100%;width:100%}.e-con-inner>.elementor-widget-spacer>.elementor-widget-container>.elementor-spacer,.e-con>.elementor-widget-spacer>.elementor-widget-container>.elementor-spacer{height:100%}.e-con-inner>.elementor-widget-spacer>.elementor-widget-container>.elementor-spacer>.elementor-spacer-inner,.e-con>.elementor-widget-spacer>.elementor-widget-container>.elementor-spacer>.elementor-spacer-inner{height:var(--container-widget-height,var(--spacer-size))}.e-con-inner>.elementor-widget-spacer.elementor-widget-empty,.e-con>.elementor-widget-spacer.elementor-widget-empty{position:relative;min-height:22px;min-width:22px}.e-con-inner>.elementor-widget-spacer.elementor-widget-empty .elementor-widget-empty-icon,.e-con>.elementor-widget-spacer.elementor-widget-empty .elementor-widget-empty-icon{position:absolute;top:0;bottom:0;left:0;right:0;margin:auto;padding:0;width:22px;height:22px}<\/style>\t\t<div class=\"elementor-spacer\">\n\t\t\t<div class=\"elementor-spacer-inner\"><\/div>\n\t\t<\/div>\n\t\t\t\t<\/div>\n\t\t\t\t<\/div>\n\t\t\t\t\t<\/div>\n\t\t\t\t<\/div>\n\t\t<div class=\"elementor-element elementor-element-1e47f059 e-con-full e-flex e-con e-parent\" data-id=\"1e47f059\" data-element_type=\"container\">\n\t\t<div class=\"elementor-element elementor-element-5982630e e-flex e-con-boxed e-con e-child\" data-id=\"5982630e\" data-element_type=\"container\" data-settings=\"{&quot;background_background&quot;:&quot;classic&quot;}\">\n\t\t\t\t\t<div class=\"e-con-inner\">\n\t\t<div class=\"elementor-element elementor-element-55f811f1 e-con-full e-flex e-con e-child\" data-id=\"55f811f1\" data-element_type=\"container\">\n\t\t\t\t<div class=\"elementor-element elementor-element-2521b3b0 elementor-widget elementor-widget-heading\" data-id=\"2521b3b0\" data-element_type=\"widget\" data-widget_type=\"heading.default\">\n\t\t\t\t<div class=\"elementor-widget-container\">\n\t\t\t<style>\/*! elementor - v3.21.0 - 26-05-2024 *\/\n.elementor-heading-title{padding:0;margin:0;line-height:1}.elementor-widget-heading .elementor-heading-title[class*=elementor-size-]>a{color:inherit;font-size:inherit;line-height:inherit}.elementor-widget-heading .elementor-heading-title.elementor-size-small{font-size:15px}.elementor-widget-heading .elementor-heading-title.elementor-size-medium{font-size:19px}.elementor-widget-heading .elementor-heading-title.elementor-size-large{font-size:29px}.elementor-widget-heading .elementor-heading-title.elementor-size-xl{font-size:39px}.elementor-widget-heading .elementor-heading-title.elementor-size-xxl{font-size:59px}<\/style><h2 class=\"elementor-heading-title elementor-size-default\">Estudos mercadol\u00f3gicos para dimensionar o mercado potencial na Am\u00e9rica Latina<\/h2>\t\t<\/div>\n\t\t\t\t<\/div>\n\t\t\t\t<\/div>\n\t\t<div class=\"elementor-element elementor-element-6c86abb7 e-con-full e-flex e-con e-child\" data-id=\"6c86abb7\" data-element_type=\"container\">\n\t\t\t\t<\/div>\n\t\t\t\t\t<\/div>\n\t\t\t\t<\/div>\n\t\t\t\t<\/div>\n\t\t<div class=\"elementor-element elementor-element-3496c682 e-flex e-con-boxed e-con e-parent\" data-id=\"3496c682\" data-element_type=\"container\">\n\t\t\t\t\t<div class=\"e-con-inner\">\n\t\t<div class=\"elementor-element elementor-element-6bc50104 e-con-full e-flex e-con e-child\" data-id=\"6bc50104\" data-element_type=\"container\" data-settings=\"{&quot;background_background&quot;:&quot;classic&quot;}\">\n\t\t\t\t<div class=\"elementor-element elementor-element-ab106f3 elementor-widget elementor-widget-text-editor\" data-id=\"ab106f3\" data-element_type=\"widget\" data-widget_type=\"text-editor.default\">\n\t\t\t\t<div class=\"elementor-widget-container\">\n\t\t\t<style>\/*! elementor - v3.21.0 - 26-05-2024 *\/\n.elementor-widget-text-editor.elementor-drop-cap-view-stacked .elementor-drop-cap{background-color:#69727d;color:#fff}.elementor-widget-text-editor.elementor-drop-cap-view-framed .elementor-drop-cap{color:#69727d;border:3px solid;background-color:transparent}.elementor-widget-text-editor:not(.elementor-drop-cap-view-default) .elementor-drop-cap{margin-top:8px}.elementor-widget-text-editor:not(.elementor-drop-cap-view-default) .elementor-drop-cap-letter{width:1em;height:1em}.elementor-widget-text-editor .elementor-drop-cap{float:left;text-align:center;line-height:1;font-size:50px}.elementor-widget-text-editor .elementor-drop-cap-letter{display:inline-block}<\/style>\t\t\t\t<p class=\"p1\">Ao se aventurar em um novo mercado, como \u00e9 o caso do Brasil <span class=\"s1\">e dos demais pa\u00edses latino-americanos<\/span>, para empresas internacionais, \u00e9 crucial entender o panorama mercadol\u00f3gico local para tomar decis\u00f5es estrat\u00e9gicas informadas. Os estudos mercadol\u00f3gicos desempenham um papel fundamental nesse processo, oferecendo <em>insights<\/em> valiosos sobre o ambiente competitivo, as prefer\u00eancias das empresas e as tend\u00eancias do mercado.<\/p>\t\t\t\t\t\t<\/div>\n\t\t\t\t<\/div>\n\t\t\t\t<\/div>\n\t\t\t\t\t<\/div>\n\t\t\t\t<\/div>\n\t\t<div class=\"elementor-element elementor-element-344348fd e-flex e-con-boxed e-con e-parent\" data-id=\"344348fd\" data-element_type=\"container\">\n\t\t\t\t\t<div class=\"e-con-inner\">\n\t\t<div class=\"elementor-element elementor-element-4dbff6d0 e-con-full e-flex e-con e-child\" data-id=\"4dbff6d0\" data-element_type=\"container\">\n\t\t<div class=\"elementor-element elementor-element-53dad1de e-con-full e-flex e-con e-child\" data-id=\"53dad1de\" data-element_type=\"container\">\n\t\t<div class=\"elementor-element elementor-element-6ce3b033 e-con-full e-flex e-con e-child\" data-id=\"6ce3b033\" data-element_type=\"container\">\n\t\t\t\t<div class=\"elementor-element elementor-element-1e2f74b6 jkit-equal-height-disable elementor-widget elementor-widget-jkit_icon_box\" data-id=\"1e2f74b6\" data-element_type=\"widget\" data-widget_type=\"jkit_icon_box.default\">\n\t\t\t\t<div class=\"elementor-widget-container\">\n\t\t\t<div  class=\"jeg-elementor-kit jkit-icon-box icon-position-left elementor-animation- jeg_module___6a0465ac79ad5\" ><a href=\"#\" class=\"icon-box-link\" aria-label=\"Learn More\"><div class=\"jkit-icon-box-wrapper hover-from-left\"><div class=\"icon-box icon-box-header elementor-animation-\"><div class=\"icon style-color\"><img fetchpriority=\"high\" decoding=\"async\" width=\"490\" height=\"490\" src=\"https:\/\/lmsprovider.com\/wp-content\/uploads\/2024\/05\/Asset-020.png\" class=\"attachment-full size-full\" alt=\"Defini\u00e7\u00e3o do Escopo do Estudo\" srcset=\"https:\/\/lmsprovider.com\/wp-content\/uploads\/2024\/05\/Asset-020.png 490w, https:\/\/lmsprovider.com\/wp-content\/uploads\/2024\/05\/Asset-020-300x300.png 300w, https:\/\/lmsprovider.com\/wp-content\/uploads\/2024\/05\/Asset-020-150x150.png 150w\" sizes=\"(max-width: 490px) 100vw, 490px\" \/><\/div><\/div><div class=\"icon-box icon-box-body\">\n                <h4 class=\"title\">Defini\u00e7\u00e3o do Escopo do Estudo<\/h4><p class=\"icon-box-description\">Antes de tudo, Lincoln Management Services colabora com a empresa internacional para entender suas metas, produtos ou servi\u00e7os, p\u00fablico-alvo e quaisquer outros aspectos relevantes para delinear o escopo do estudo. Isso garante que os esfor\u00e7os de pesquisa se concentrem nos elementos cruciais para a entrada bem-sucedida no mercado latino-americano.<\/p>\n            <\/div>\n            \n            <\/div><\/a><\/div>\t\t<\/div>\n\t\t\t\t<\/div>\n\t\t\t\t<\/div>\n\t\t<div class=\"elementor-element elementor-element-66d6102e e-con-full e-flex e-con e-child\" data-id=\"66d6102e\" data-element_type=\"container\">\n\t\t\t\t<div class=\"elementor-element elementor-element-2b273869 jkit-equal-height-disable elementor-widget elementor-widget-jkit_icon_box\" data-id=\"2b273869\" data-element_type=\"widget\" data-widget_type=\"jkit_icon_box.default\">\n\t\t\t\t<div class=\"elementor-widget-container\">\n\t\t\t<div  class=\"jeg-elementor-kit jkit-icon-box icon-position-left elementor-animation- jeg_module__1_6a0465ac7b453\" ><a href=\"#\" class=\"icon-box-link\" aria-label=\"Learn More\"><div class=\"jkit-icon-box-wrapper hover-from-left\"><div class=\"icon-box icon-box-header elementor-animation-\"><div class=\"icon style-color\"><img decoding=\"async\" width=\"490\" height=\"490\" src=\"https:\/\/lmsprovider.com\/wp-content\/uploads\/2024\/05\/Asset-020.png\" class=\"attachment-full size-full\" alt=\"An\u00e1lise do Ambiente de Neg\u00f3cios\" srcset=\"https:\/\/lmsprovider.com\/wp-content\/uploads\/2024\/05\/Asset-020.png 490w, https:\/\/lmsprovider.com\/wp-content\/uploads\/2024\/05\/Asset-020-300x300.png 300w, https:\/\/lmsprovider.com\/wp-content\/uploads\/2024\/05\/Asset-020-150x150.png 150w\" sizes=\"(max-width: 490px) 100vw, 490px\" \/><\/div><\/div><div class=\"icon-box icon-box-body\">\n                <h4 class=\"title\">An\u00e1lise do Ambiente de Neg\u00f3cios<\/h4><p class=\"icon-box-description\">Lincoln Management Services realiza uma an\u00e1lise abrangente do ambiente de neg\u00f3cios no Brasil e nos demais pa\u00edses latino-americanos, incluindo fatores pol\u00edticos, econ\u00f4micos, sociais, tecnol\u00f3gicos, legais e ambientais. Isso ajuda a identificar oportunidades e desafios espec\u00edficos que a empresa internacional pode enfrentar ao estabelecer sua opera\u00e7\u00e3o nestes pa\u00edses.<\/p>\n            <\/div>\n            \n            <\/div><\/a><\/div>\t\t<\/div>\n\t\t\t\t<\/div>\n\t\t\t\t<\/div>\n\t\t\t\t<\/div>\n\t\t\t\t<\/div>\n\t\t<div class=\"elementor-element elementor-element-ed23558 e-con-full e-flex e-con e-child\" data-id=\"ed23558\" data-element_type=\"container\">\n\t\t\t\t<div class=\"elementor-element elementor-element-4c504bf4 elementor-widget elementor-widget-image\" data-id=\"4c504bf4\" data-element_type=\"widget\" data-widget_type=\"image.default\">\n\t\t\t\t<div class=\"elementor-widget-container\">\n\t\t\t<style>\/*! elementor - v3.21.0 - 26-05-2024 *\/\n.elementor-widget-image{text-align:center}.elementor-widget-image a{display:inline-block}.elementor-widget-image a img[src$=\".svg\"]{width:48px}.elementor-widget-image img{vertical-align:middle;display:inline-block}<\/style>\t\t\t\t\t\t\t\t\t\t<img decoding=\"async\" width=\"916\" height=\"766\" src=\"https:\/\/lmsprovider.com\/wp-content\/uploads\/2024\/05\/Asset-01-Mercado.png\" class=\"attachment-full size-full wp-image-2031\" alt=\"\" srcset=\"https:\/\/lmsprovider.com\/wp-content\/uploads\/2024\/05\/Asset-01-Mercado.png 916w, https:\/\/lmsprovider.com\/wp-content\/uploads\/2024\/05\/Asset-01-Mercado-300x251.png 300w, https:\/\/lmsprovider.com\/wp-content\/uploads\/2024\/05\/Asset-01-Mercado-768x642.png 768w\" sizes=\"(max-width: 916px) 100vw, 916px\" \/>\t\t\t\t\t\t\t\t\t\t\t\t\t<\/div>\n\t\t\t\t<\/div>\n\t\t\t\t<\/div>\n\t\t\t\t\t<\/div>\n\t\t\t\t<\/div>\n\t\t<div class=\"elementor-element elementor-element-dead59 e-flex e-con-boxed e-con e-parent\" data-id=\"dead59\" data-element_type=\"container\">\n\t\t\t\t\t<div class=\"e-con-inner\">\n\t\t\t\t<div class=\"elementor-element elementor-element-17daa112 elementor-widget__width-initial elementor-widget elementor-widget-heading\" data-id=\"17daa112\" data-element_type=\"widget\" data-widget_type=\"heading.default\">\n\t\t\t\t<div class=\"elementor-widget-container\">\n\t\t\t<h2 class=\"elementor-heading-title elementor-size-default\">E mais...<\/h2>\t\t<\/div>\n\t\t\t\t<\/div>\n\t\t<div class=\"elementor-element elementor-element-1b2268a6 e-con-full e-flex e-con e-child\" data-id=\"1b2268a6\" data-element_type=\"container\">\n\t\t<div class=\"elementor-element elementor-element-3f21dc73 e-con-full e-flex e-con e-child\" data-id=\"3f21dc73\" data-element_type=\"container\">\n\t\t\t\t<div class=\"elementor-element elementor-element-2c6e3181 elementor-widget elementor-widget-image\" data-id=\"2c6e3181\" data-element_type=\"widget\" data-widget_type=\"image.default\">\n\t\t\t\t<div class=\"elementor-widget-container\">\n\t\t\t\t\t\t\t\t\t\t\t\t\t<img loading=\"lazy\" decoding=\"async\" width=\"878\" height=\"586\" src=\"https:\/\/lmsprovider.com\/wp-content\/uploads\/2024\/05\/Asset-Mercado-3.png\" class=\"attachment-full size-full wp-image-2396\" alt=\"\" srcset=\"https:\/\/lmsprovider.com\/wp-content\/uploads\/2024\/05\/Asset-Mercado-3.png 878w, https:\/\/lmsprovider.com\/wp-content\/uploads\/2024\/05\/Asset-Mercado-3-300x200.png 300w, https:\/\/lmsprovider.com\/wp-content\/uploads\/2024\/05\/Asset-Mercado-3-768x513.png 768w\" sizes=\"(max-width: 878px) 100vw, 878px\" \/>\t\t\t\t\t\t\t\t\t\t\t\t\t<\/div>\n\t\t\t\t<\/div>\n\t\t\t\t<div class=\"elementor-element elementor-element-526b2cc2 elementor-widget elementor-widget-jkit_heading\" data-id=\"526b2cc2\" data-element_type=\"widget\" data-widget_type=\"jkit_heading.default\">\n\t\t\t\t<div class=\"elementor-widget-container\">\n\t\t\t<div  class=\"jeg-elementor-kit jkit-heading  align-center align-tablet- align-mobile- jeg_module__2_6a0465ac83385\" ><div class=\"heading-section-title  display-inline-block\"><h2 class=\"heading-title\">Estudo de Mercado e An\u00e1lise Competitiva<\/h2><\/div><div class=\"heading-section-description\"><p class=\"p1\">O pr\u00f3ximo passo \u00e9 realizar um estudo de mercado detalhado, examinando o tamanho total do mercado, segmentos de mercado relevantes, crescimento esperado, padr\u00f5es e comportamento de consumo. Al\u00e9m disso, uma an\u00e1lise competitiva minuciosa ser\u00e1 conduzida para entender os principais concorrentes locais, suas estrat\u00e9gias, pontos fortes e fracos.<\/p><\/div><\/div>\t\t<\/div>\n\t\t\t\t<\/div>\n\t\t\t\t<\/div>\n\t\t<div class=\"elementor-element elementor-element-484a6192 e-con-full e-flex e-con e-child\" data-id=\"484a6192\" data-element_type=\"container\">\n\t\t\t\t<div class=\"elementor-element elementor-element-29cfc8e1 elementor-widget elementor-widget-image\" data-id=\"29cfc8e1\" data-element_type=\"widget\" data-widget_type=\"image.default\">\n\t\t\t\t<div class=\"elementor-widget-container\">\n\t\t\t\t\t\t\t\t\t\t\t\t\t<img loading=\"lazy\" decoding=\"async\" width=\"878\" height=\"586\" src=\"https:\/\/lmsprovider.com\/wp-content\/uploads\/2024\/05\/Asset-Mercado-4.png\" class=\"attachment-full size-full wp-image-2397\" alt=\"\" srcset=\"https:\/\/lmsprovider.com\/wp-content\/uploads\/2024\/05\/Asset-Mercado-4.png 878w, https:\/\/lmsprovider.com\/wp-content\/uploads\/2024\/05\/Asset-Mercado-4-300x200.png 300w, https:\/\/lmsprovider.com\/wp-content\/uploads\/2024\/05\/Asset-Mercado-4-768x513.png 768w\" sizes=\"(max-width: 878px) 100vw, 878px\" \/>\t\t\t\t\t\t\t\t\t\t\t\t\t<\/div>\n\t\t\t\t<\/div>\n\t\t\t\t<div class=\"elementor-element elementor-element-1f9e8533 elementor-widget elementor-widget-jkit_heading\" data-id=\"1f9e8533\" data-element_type=\"widget\" data-widget_type=\"jkit_heading.default\">\n\t\t\t\t<div class=\"elementor-widget-container\">\n\t\t\t<div  class=\"jeg-elementor-kit jkit-heading  align-center align-tablet- align-mobile- jeg_module__3_6a0465ac85c4a\" ><div class=\"heading-section-title  display-inline-block\"><h2 class=\"heading-title\">Identifica\u00e7\u00e3o do P\u00fablico-Alvo<\/h2><\/div><div class=\"heading-section-description\"><p class=\"p1\"><span class=\"s1\"><b>Lincoln Management Services<\/b><\/span> trabalha para definir o p\u00fablico-alvo da empresa internacional no mercado <span class=\"s2\">latino-americano<\/span>, segmentando os mercados consumidores com base em caracter\u00edsticas demogr\u00e1ficas, geogr\u00e1ficas, psicogr\u00e1ficas e comportamentais. Isso permite que a empresa direcione suas estrat\u00e9gias de marketing e vendas de forma mais eficaz.<\/p><\/div><\/div>\t\t<\/div>\n\t\t\t\t<\/div>\n\t\t\t\t<\/div>\n\t\t<div class=\"elementor-element elementor-element-ec006fd e-con-full e-flex e-con e-child\" data-id=\"ec006fd\" data-element_type=\"container\">\n\t\t\t\t<div class=\"elementor-element elementor-element-23b07595 elementor-widget elementor-widget-image\" data-id=\"23b07595\" data-element_type=\"widget\" data-widget_type=\"image.default\">\n\t\t\t\t<div class=\"elementor-widget-container\">\n\t\t\t\t\t\t\t\t\t\t\t\t\t<img loading=\"lazy\" decoding=\"async\" width=\"878\" height=\"586\" src=\"https:\/\/lmsprovider.com\/wp-content\/uploads\/2024\/05\/Asset-Mercado-5.png\" class=\"attachment-full size-full wp-image-2398\" alt=\"\" srcset=\"https:\/\/lmsprovider.com\/wp-content\/uploads\/2024\/05\/Asset-Mercado-5.png 878w, https:\/\/lmsprovider.com\/wp-content\/uploads\/2024\/05\/Asset-Mercado-5-300x200.png 300w, https:\/\/lmsprovider.com\/wp-content\/uploads\/2024\/05\/Asset-Mercado-5-768x513.png 768w\" sizes=\"(max-width: 878px) 100vw, 878px\" \/>\t\t\t\t\t\t\t\t\t\t\t\t\t<\/div>\n\t\t\t\t<\/div>\n\t\t\t\t<div class=\"elementor-element elementor-element-6646358c elementor-widget elementor-widget-jkit_heading\" data-id=\"6646358c\" data-element_type=\"widget\" data-widget_type=\"jkit_heading.default\">\n\t\t\t\t<div class=\"elementor-widget-container\">\n\t\t\t<div  class=\"jeg-elementor-kit jkit-heading  align-center align-tablet- align-mobile- jeg_module__4_6a0465ac875f8\" ><div class=\"heading-section-title  display-inline-block\"><h2 class=\"heading-title\">Avalia\u00e7\u00e3o de Tend\u00eancias e Oportunidades de Mercado<\/h2><\/div><div class=\"heading-section-description\"><p class=\"p1\">Al\u00e9m de compreender o mercado atual, <span class=\"s1\"><b>Lincoln Management Services<\/b><\/span> tamb\u00e9m investiga as tend\u00eancias emergentes e as oportunidades futuras no mercado brasileiro <span class=\"s2\">e nos demais pa\u00edses latino-americanos<\/span>. Isso pode envolver a an\u00e1lise de mudan\u00e7as demogr\u00e1ficas, avan\u00e7os tecnol\u00f3gicos, regulamenta\u00e7\u00f5es governamentais e outras influ\u00eancias que moldar\u00e3o o cen\u00e1rio comercial nos pr\u00f3ximos anos.<\/p><\/div><\/div>\t\t<\/div>\n\t\t\t\t<\/div>\n\t\t\t\t<\/div>\n\t\t<div class=\"elementor-element elementor-element-44537213 e-con-full e-flex e-con e-child\" data-id=\"44537213\" data-element_type=\"container\">\n\t\t\t\t<div class=\"elementor-element elementor-element-5aa53c elementor-widget elementor-widget-image\" data-id=\"5aa53c\" data-element_type=\"widget\" data-widget_type=\"image.default\">\n\t\t\t\t<div class=\"elementor-widget-container\">\n\t\t\t\t\t\t\t\t\t\t\t\t\t<img loading=\"lazy\" decoding=\"async\" width=\"878\" height=\"586\" src=\"https:\/\/lmsprovider.com\/wp-content\/uploads\/2024\/05\/Asset-Mercado-6.png\" class=\"attachment-full size-full wp-image-2399\" alt=\"\" srcset=\"https:\/\/lmsprovider.com\/wp-content\/uploads\/2024\/05\/Asset-Mercado-6.png 878w, https:\/\/lmsprovider.com\/wp-content\/uploads\/2024\/05\/Asset-Mercado-6-300x200.png 300w, https:\/\/lmsprovider.com\/wp-content\/uploads\/2024\/05\/Asset-Mercado-6-768x513.png 768w\" sizes=\"(max-width: 878px) 100vw, 878px\" \/>\t\t\t\t\t\t\t\t\t\t\t\t\t<\/div>\n\t\t\t\t<\/div>\n\t\t\t\t<div class=\"elementor-element elementor-element-7bae86ea elementor-widget elementor-widget-jkit_heading\" data-id=\"7bae86ea\" data-element_type=\"widget\" data-widget_type=\"jkit_heading.default\">\n\t\t\t\t<div class=\"elementor-widget-container\">\n\t\t\t<div  class=\"jeg-elementor-kit jkit-heading  align-center align-tablet- align-mobile- jeg_module__5_6a0465ac88ea3\" ><div class=\"heading-section-title  display-inline-block\"><h2 class=\"heading-title\">Acompanhamento e Adapta\u00e7\u00e3o<\/h2><\/div><div class=\"heading-section-description\"><p class=\"p1\">O mercado \u00e9 din\u00e2mico, e as condi\u00e7\u00f5es podem mudar rapidamente. Portanto, <span class=\"s1\"><b>Lincoln Management Services<\/b><\/span> oferece servi\u00e7os de acompanhamento cont\u00ednuo, monitorando as mudan\u00e7as <span class=\"s2\">nos mercados brasileiro e demais pa\u00edses latino-americanos,<\/span> ajudando a empresa internacional a adaptar suas estrat\u00e9gias conforme necess\u00e1rio para garantir o sucesso a longo prazo.<\/p><\/div><\/div>\t\t<\/div>\n\t\t\t\t<\/div>\n\t\t\t\t<\/div>\n\t\t\t\t<\/div>\n\t\t\t\t\t<\/div>\n\t\t\t\t<\/div>\n\t\t\t\t<\/div>\n\t\t","protected":false},"excerpt":{"rendered":"<p>Estudos mercadol\u00f3gicos para dimensionar o mercado potencial na Am\u00e9rica Latina Ao se aventurar em um novo mercado, como \u00e9 o caso do Brasil e dos demais pa\u00edses latino-americanos, para empresas internacionais, \u00e9 crucial entender o panorama mercadol\u00f3gico local para tomar decis\u00f5es estrat\u00e9gicas informadas. Os estudos mercadol\u00f3gicos desempenham um papel fundamental nesse processo, oferecendo insights valiosos sobre o ambiente competitivo, as &hellip;<\/p>\n","protected":false},"author":1,"featured_media":0,"parent":0,"menu_order":0,"comment_status":"closed","ping_status":"closed","template":"blank-builder.php","meta":{"footnotes":""},"_links":{"self":[{"href":"https:\/\/lmsprovider.com\/index.php?rest_route=\/wp\/v2\/pages\/1639"}],"collection":[{"href":"https:\/\/lmsprovider.com\/index.php?rest_route=\/wp\/v2\/pages"}],"about":[{"href":"https:\/\/lmsprovider.com\/index.php?rest_route=\/wp\/v2\/types\/page"}],"author":[{"embeddable":true,"href":"https:\/\/lmsprovider.com\/index.php?rest_route=\/wp\/v2\/users\/1"}],"replies":[{"embeddable":true,"href":"https:\/\/lmsprovider.com\/index.php?rest_route=%2Fwp%2Fv2%2Fcomments&post=1639"}],"version-history":[{"count":81,"href":"https:\/\/lmsprovider.com\/index.php?rest_route=\/wp\/v2\/pages\/1639\/revisions"}],"predecessor-version":[{"id":2447,"href":"https:\/\/lmsprovider.com\/index.php?rest_route=\/wp\/v2\/pages\/1639\/revisions\/2447"}],"wp:attachment":[{"href":"https:\/\/lmsprovider.com\/index.php?rest_route=%2Fwp%2Fv2%2Fmedia&parent=1639"}],"curies":[{"name":"wp","href":"https:\/\/api.w.org\/{rel}","templated":true}]}}