{"id":1966,"date":"2024-05-23T19:21:40","date_gmt":"2024-05-23T22:21:40","guid":{"rendered":"http:\/\/lmsprovider.com\/?page_id=1966"},"modified":"2024-05-28T14:17:12","modified_gmt":"2024-05-28T17:17:12","slug":"juridico-port","status":"publish","type":"page","link":"https:\/\/lmsprovider.com\/?page_id=1966","title":{"rendered":"Juridico PORT"},"content":{"rendered":"\t\t<div data-elementor-type=\"wp-page\" data-elementor-id=\"1966\" class=\"elementor elementor-1966\" data-elementor-post-type=\"page\">\n\t\t\t\t<div class=\"elementor-element elementor-element-5dd5000e e-flex e-con-boxed e-con e-parent\" data-id=\"5dd5000e\" data-element_type=\"container\">\n\t\t\t\t\t<div class=\"e-con-inner\">\n\t\t\t\t<div class=\"elementor-element elementor-element-6f96c3ee elementor-widget elementor-widget-spacer\" data-id=\"6f96c3ee\" data-element_type=\"widget\" data-widget_type=\"spacer.default\">\n\t\t\t\t<div class=\"elementor-widget-container\">\n\t\t\t<style>\/*! elementor - v3.21.0 - 26-05-2024 *\/\n.elementor-column .elementor-spacer-inner{height:var(--spacer-size)}.e-con{--container-widget-width:100%}.e-con-inner>.elementor-widget-spacer,.e-con>.elementor-widget-spacer{width:var(--container-widget-width,var(--spacer-size));--align-self:var(--container-widget-align-self,initial);--flex-shrink:0}.e-con-inner>.elementor-widget-spacer>.elementor-widget-container,.e-con>.elementor-widget-spacer>.elementor-widget-container{height:100%;width:100%}.e-con-inner>.elementor-widget-spacer>.elementor-widget-container>.elementor-spacer,.e-con>.elementor-widget-spacer>.elementor-widget-container>.elementor-spacer{height:100%}.e-con-inner>.elementor-widget-spacer>.elementor-widget-container>.elementor-spacer>.elementor-spacer-inner,.e-con>.elementor-widget-spacer>.elementor-widget-container>.elementor-spacer>.elementor-spacer-inner{height:var(--container-widget-height,var(--spacer-size))}.e-con-inner>.elementor-widget-spacer.elementor-widget-empty,.e-con>.elementor-widget-spacer.elementor-widget-empty{position:relative;min-height:22px;min-width:22px}.e-con-inner>.elementor-widget-spacer.elementor-widget-empty .elementor-widget-empty-icon,.e-con>.elementor-widget-spacer.elementor-widget-empty .elementor-widget-empty-icon{position:absolute;top:0;bottom:0;left:0;right:0;margin:auto;padding:0;width:22px;height:22px}<\/style>\t\t<div class=\"elementor-spacer\">\n\t\t\t<div class=\"elementor-spacer-inner\"><\/div>\n\t\t<\/div>\n\t\t\t\t<\/div>\n\t\t\t\t<\/div>\n\t\t\t\t\t<\/div>\n\t\t\t\t<\/div>\n\t\t<div class=\"elementor-element elementor-element-1e47f059 e-con-full e-flex e-con e-parent\" data-id=\"1e47f059\" data-element_type=\"container\">\n\t\t<div class=\"elementor-element elementor-element-5982630e e-flex e-con-boxed e-con e-child\" data-id=\"5982630e\" data-element_type=\"container\" data-settings=\"{&quot;background_background&quot;:&quot;classic&quot;}\">\n\t\t\t\t\t<div class=\"e-con-inner\">\n\t\t<div class=\"elementor-element elementor-element-55f811f1 e-con-full e-flex e-con e-child\" data-id=\"55f811f1\" data-element_type=\"container\">\n\t\t\t\t<div class=\"elementor-element elementor-element-2521b3b0 elementor-widget elementor-widget-heading\" data-id=\"2521b3b0\" data-element_type=\"widget\" data-widget_type=\"heading.default\">\n\t\t\t\t<div class=\"elementor-widget-container\">\n\t\t\t<style>\/*! elementor - v3.21.0 - 26-05-2024 *\/\n.elementor-heading-title{padding:0;margin:0;line-height:1}.elementor-widget-heading .elementor-heading-title[class*=elementor-size-]>a{color:inherit;font-size:inherit;line-height:inherit}.elementor-widget-heading .elementor-heading-title.elementor-size-small{font-size:15px}.elementor-widget-heading .elementor-heading-title.elementor-size-medium{font-size:19px}.elementor-widget-heading .elementor-heading-title.elementor-size-large{font-size:29px}.elementor-widget-heading .elementor-heading-title.elementor-size-xl{font-size:39px}.elementor-widget-heading .elementor-heading-title.elementor-size-xxl{font-size:59px}<\/style><h2 class=\"elementor-heading-title elementor-size-default\">Estudos jur\u00eddicos e orienta\u00e7\u00f5es para estabelecer opera\u00e7\u00f5es na Am\u00e9rica Latina<\/h2>\t\t<\/div>\n\t\t\t\t<\/div>\n\t\t\t\t<\/div>\n\t\t<div class=\"elementor-element elementor-element-6c86abb7 e-con-full e-flex e-con e-child\" data-id=\"6c86abb7\" data-element_type=\"container\">\n\t\t\t\t<\/div>\n\t\t\t\t\t<\/div>\n\t\t\t\t<\/div>\n\t\t\t\t<\/div>\n\t\t<div class=\"elementor-element elementor-element-3496c682 e-flex e-con-boxed e-con e-parent\" data-id=\"3496c682\" data-element_type=\"container\">\n\t\t\t\t\t<div class=\"e-con-inner\">\n\t\t<div class=\"elementor-element elementor-element-6bc50104 e-con-full e-flex e-con e-child\" data-id=\"6bc50104\" data-element_type=\"container\" data-settings=\"{&quot;background_background&quot;:&quot;classic&quot;}\">\n\t\t\t\t<div class=\"elementor-element elementor-element-ab106f3 elementor-widget elementor-widget-text-editor\" data-id=\"ab106f3\" data-element_type=\"widget\" data-widget_type=\"text-editor.default\">\n\t\t\t\t<div class=\"elementor-widget-container\">\n\t\t\t<style>\/*! elementor - v3.21.0 - 26-05-2024 *\/\n.elementor-widget-text-editor.elementor-drop-cap-view-stacked .elementor-drop-cap{background-color:#69727d;color:#fff}.elementor-widget-text-editor.elementor-drop-cap-view-framed .elementor-drop-cap{color:#69727d;border:3px solid;background-color:transparent}.elementor-widget-text-editor:not(.elementor-drop-cap-view-default) .elementor-drop-cap{margin-top:8px}.elementor-widget-text-editor:not(.elementor-drop-cap-view-default) .elementor-drop-cap-letter{width:1em;height:1em}.elementor-widget-text-editor .elementor-drop-cap{float:left;text-align:center;line-height:1;font-size:50px}.elementor-widget-text-editor .elementor-drop-cap-letter{display:inline-block}<\/style>\t\t\t\t<p class=\"p1\">Quando uma empresa internacional busca estabelecer opera\u00e7\u00f5es no Brasil <span class=\"s1\">ou<\/span> <span class=\"s1\">nos demais pa\u00edses latino-americanos<\/span>, enfrenta uma mir\u00edade de quest\u00f5es legais e regulat\u00f3rias complexas. Nesse contexto, os estudos jur\u00eddicos desempenham um papel fundamental, fornecendo orienta\u00e7\u00f5es precisas sobre a melhor forma de estruturar e operar no pa\u00eds de acordo com as leis <span class=\"s1\">destes pa\u00edses<\/span>.<\/p>\t\t\t\t\t\t<\/div>\n\t\t\t\t<\/div>\n\t\t\t\t<\/div>\n\t\t\t\t\t<\/div>\n\t\t\t\t<\/div>\n\t\t<div class=\"elementor-element elementor-element-344348fd e-flex e-con-boxed e-con e-parent\" data-id=\"344348fd\" data-element_type=\"container\">\n\t\t\t\t\t<div class=\"e-con-inner\">\n\t\t<div class=\"elementor-element elementor-element-4dbff6d0 e-con-full e-flex e-con e-child\" data-id=\"4dbff6d0\" data-element_type=\"container\">\n\t\t<div class=\"elementor-element elementor-element-53dad1de e-con-full e-flex e-con e-child\" data-id=\"53dad1de\" data-element_type=\"container\">\n\t\t<div class=\"elementor-element elementor-element-6ce3b033 e-con-full e-flex e-con e-child\" data-id=\"6ce3b033\" data-element_type=\"container\">\n\t\t\t\t<div class=\"elementor-element elementor-element-1e2f74b6 jkit-equal-height-disable elementor-widget elementor-widget-jkit_icon_box\" data-id=\"1e2f74b6\" data-element_type=\"widget\" data-widget_type=\"jkit_icon_box.default\">\n\t\t\t\t<div class=\"elementor-widget-container\">\n\t\t\t<div  class=\"jeg-elementor-kit jkit-icon-box icon-position-left elementor-animation- jeg_module___6a08eb16b9551\" ><a href=\"#\" class=\"icon-box-link\" aria-label=\"Learn More\"><div class=\"jkit-icon-box-wrapper hover-from-left\"><div class=\"icon-box icon-box-header elementor-animation-\"><div class=\"icon style-color\"><img fetchpriority=\"high\" decoding=\"async\" width=\"490\" height=\"490\" src=\"https:\/\/lmsprovider.com\/wp-content\/uploads\/2024\/05\/Asset-020.png\" class=\"attachment-full size-full\" alt=\"Avalia\u00e7\u00e3o do Ambiente Regulat\u00f3rio\" srcset=\"https:\/\/lmsprovider.com\/wp-content\/uploads\/2024\/05\/Asset-020.png 490w, https:\/\/lmsprovider.com\/wp-content\/uploads\/2024\/05\/Asset-020-300x300.png 300w, https:\/\/lmsprovider.com\/wp-content\/uploads\/2024\/05\/Asset-020-150x150.png 150w\" sizes=\"(max-width: 490px) 100vw, 490px\" \/><\/div><\/div><div class=\"icon-box icon-box-body\">\n                <h4 class=\"title\">Avalia\u00e7\u00e3o do Ambiente Regulat\u00f3rio<\/h4><p class=\"icon-box-description\">A primeira etapa envolve uma an\u00e1lise abrangente do ambiente regulat\u00f3rio brasileiro relacionado ao setor espec\u00edfico da empresa internacional. Isso inclui leis, regulamentos, licenciamento, impostos e outros aspectos legais que impactam a opera\u00e7\u00e3o de neg\u00f3cios na regi\u00e3o. Lincoln Management Services identifica os requisitos legais aplic\u00e1veis \u200b\u200be as obriga\u00e7\u00f5es legais que a empresa precisar\u00e1 cumprir.<\/p>\n            <\/div>\n            \n            <\/div><\/a><\/div>\t\t<\/div>\n\t\t\t\t<\/div>\n\t\t\t\t<\/div>\n\t\t<div class=\"elementor-element elementor-element-66d6102e e-con-full e-flex e-con e-child\" data-id=\"66d6102e\" data-element_type=\"container\">\n\t\t\t\t<div class=\"elementor-element elementor-element-2b273869 jkit-equal-height-disable elementor-widget elementor-widget-jkit_icon_box\" data-id=\"2b273869\" data-element_type=\"widget\" data-widget_type=\"jkit_icon_box.default\">\n\t\t\t\t<div class=\"elementor-widget-container\">\n\t\t\t<div  class=\"jeg-elementor-kit jkit-icon-box icon-position-left elementor-animation- jeg_module__1_6a08eb16bab98\" ><a href=\"#\" class=\"icon-box-link\" aria-label=\"Learn More\"><div class=\"jkit-icon-box-wrapper hover-from-left\"><div class=\"icon-box icon-box-header elementor-animation-\"><div class=\"icon style-color\"><img decoding=\"async\" width=\"490\" height=\"490\" src=\"https:\/\/lmsprovider.com\/wp-content\/uploads\/2024\/05\/Asset-020.png\" class=\"attachment-full size-full\" alt=\"Escolha da Estrutura Jur\u00eddica Adequada\" srcset=\"https:\/\/lmsprovider.com\/wp-content\/uploads\/2024\/05\/Asset-020.png 490w, https:\/\/lmsprovider.com\/wp-content\/uploads\/2024\/05\/Asset-020-300x300.png 300w, https:\/\/lmsprovider.com\/wp-content\/uploads\/2024\/05\/Asset-020-150x150.png 150w\" sizes=\"(max-width: 490px) 100vw, 490px\" \/><\/div><\/div><div class=\"icon-box icon-box-body\">\n                <h4 class=\"title\">Escolha da Estrutura Jur\u00eddica Adequada<\/h4><p class=\"icon-box-description\">Com base na natureza das atividades comerciais da empresa, tamanho, escopo e objetivos de longo prazo, Lincoln Management Services ajuda a determinar a estrutura jur\u00eddica mais adequada para a opera\u00e7\u00e3o no Brasil ou nos demais pa\u00edses latino-americanos. Isso pode incluir a cria\u00e7\u00e3o de uma subsidi\u00e1ria local, uma filial, uma joint venture ou outras formas de presen\u00e7a legal nestes pa\u00edses.<\/p>\n            <\/div>\n            \n            <\/div><\/a><\/div>\t\t<\/div>\n\t\t\t\t<\/div>\n\t\t\t\t<\/div>\n\t\t\t\t<\/div>\n\t\t\t\t<\/div>\n\t\t<div class=\"elementor-element elementor-element-ed23558 e-con-full e-flex e-con e-child\" data-id=\"ed23558\" data-element_type=\"container\">\n\t\t\t\t<div class=\"elementor-element elementor-element-4c504bf4 elementor-widget elementor-widget-image\" data-id=\"4c504bf4\" data-element_type=\"widget\" data-widget_type=\"image.default\">\n\t\t\t\t<div class=\"elementor-widget-container\">\n\t\t\t<style>\/*! elementor - v3.21.0 - 26-05-2024 *\/\n.elementor-widget-image{text-align:center}.elementor-widget-image a{display:inline-block}.elementor-widget-image a img[src$=\".svg\"]{width:48px}.elementor-widget-image img{vertical-align:middle;display:inline-block}<\/style>\t\t\t\t\t\t\t\t\t\t<img decoding=\"async\" width=\"916\" height=\"766\" src=\"https:\/\/lmsprovider.com\/wp-content\/uploads\/2024\/05\/Asset-01-JuridicoB.png\" class=\"attachment-full size-full wp-image-2434\" alt=\"\" srcset=\"https:\/\/lmsprovider.com\/wp-content\/uploads\/2024\/05\/Asset-01-JuridicoB.png 916w, https:\/\/lmsprovider.com\/wp-content\/uploads\/2024\/05\/Asset-01-JuridicoB-300x251.png 300w, https:\/\/lmsprovider.com\/wp-content\/uploads\/2024\/05\/Asset-01-JuridicoB-768x642.png 768w\" sizes=\"(max-width: 916px) 100vw, 916px\" \/>\t\t\t\t\t\t\t\t\t\t\t\t\t<\/div>\n\t\t\t\t<\/div>\n\t\t\t\t<\/div>\n\t\t\t\t\t<\/div>\n\t\t\t\t<\/div>\n\t\t<div class=\"elementor-element elementor-element-dead59 e-flex e-con-boxed e-con e-parent\" data-id=\"dead59\" data-element_type=\"container\">\n\t\t\t\t\t<div class=\"e-con-inner\">\n\t\t\t\t<div class=\"elementor-element elementor-element-17daa112 elementor-widget__width-initial elementor-widget elementor-widget-heading\" data-id=\"17daa112\" data-element_type=\"widget\" data-widget_type=\"heading.default\">\n\t\t\t\t<div class=\"elementor-widget-container\">\n\t\t\t<h2 class=\"elementor-heading-title elementor-size-default\">E mais...<\/h2>\t\t<\/div>\n\t\t\t\t<\/div>\n\t\t<div class=\"elementor-element elementor-element-1b2268a6 e-con-full e-flex e-con e-child\" data-id=\"1b2268a6\" data-element_type=\"container\">\n\t\t<div class=\"elementor-element elementor-element-3f21dc73 e-con-full e-flex e-con e-child\" data-id=\"3f21dc73\" data-element_type=\"container\">\n\t\t\t\t<div class=\"elementor-element elementor-element-2c6e3181 elementor-widget elementor-widget-image\" data-id=\"2c6e3181\" data-element_type=\"widget\" data-widget_type=\"image.default\">\n\t\t\t\t<div class=\"elementor-widget-container\">\n\t\t\t\t\t\t\t\t\t\t\t\t\t<img loading=\"lazy\" decoding=\"async\" width=\"878\" height=\"586\" src=\"https:\/\/lmsprovider.com\/wp-content\/uploads\/2024\/05\/Asset-Juridico-3.png\" class=\"attachment-full size-full wp-image-2404\" alt=\"\" srcset=\"https:\/\/lmsprovider.com\/wp-content\/uploads\/2024\/05\/Asset-Juridico-3.png 878w, https:\/\/lmsprovider.com\/wp-content\/uploads\/2024\/05\/Asset-Juridico-3-300x200.png 300w, https:\/\/lmsprovider.com\/wp-content\/uploads\/2024\/05\/Asset-Juridico-3-768x513.png 768w\" sizes=\"(max-width: 878px) 100vw, 878px\" \/>\t\t\t\t\t\t\t\t\t\t\t\t\t<\/div>\n\t\t\t\t<\/div>\n\t\t\t\t<div class=\"elementor-element elementor-element-526b2cc2 elementor-widget elementor-widget-jkit_heading\" data-id=\"526b2cc2\" data-element_type=\"widget\" data-widget_type=\"jkit_heading.default\">\n\t\t\t\t<div class=\"elementor-widget-container\">\n\t\t\t<div  class=\"jeg-elementor-kit jkit-heading  align-center align-tablet- align-mobile- jeg_module__2_6a08eb16bfc50\" ><div class=\"heading-section-title  display-inline-block\"><h2 class=\"heading-title\">An\u00e1lise de Aspectos Tribut\u00e1rios e Trabalhistas<\/h2><\/div><div class=\"heading-section-description\"><p class=\"p1\">Um dos aspectos cr\u00edticos dos estudos jur\u00eddicos \u00e9 a an\u00e1lise das quest\u00f5es tribut\u00e1rias e trabalhistas. <span class=\"s1\"><b>Lincoln Management Services<\/b><\/span> examina as obriga\u00e7\u00f5es fiscais da empresa em rela\u00e7\u00e3o aos impostos sobre vendas, imposto de renda, contribui\u00e7\u00f5es sociais e outros tributos locais. Al\u00e9m disso, s\u00e3o consideradas as leis trabalhistas <span class=\"s2\">locais<\/span> para garantir conformidade com as normas de emprego e benef\u00edcios dos funcion\u00e1rios.<\/p><\/div><\/div>\t\t<\/div>\n\t\t\t\t<\/div>\n\t\t\t\t<\/div>\n\t\t<div class=\"elementor-element elementor-element-484a6192 e-con-full e-flex e-con e-child\" data-id=\"484a6192\" data-element_type=\"container\">\n\t\t\t\t<div class=\"elementor-element elementor-element-29cfc8e1 elementor-widget elementor-widget-image\" data-id=\"29cfc8e1\" data-element_type=\"widget\" data-widget_type=\"image.default\">\n\t\t\t\t<div class=\"elementor-widget-container\">\n\t\t\t\t\t\t\t\t\t\t\t\t\t<img loading=\"lazy\" decoding=\"async\" width=\"878\" height=\"586\" src=\"https:\/\/lmsprovider.com\/wp-content\/uploads\/2024\/05\/Asset-Juridico-4.png\" class=\"attachment-full size-full wp-image-2405\" alt=\"\" srcset=\"https:\/\/lmsprovider.com\/wp-content\/uploads\/2024\/05\/Asset-Juridico-4.png 878w, https:\/\/lmsprovider.com\/wp-content\/uploads\/2024\/05\/Asset-Juridico-4-300x200.png 300w, https:\/\/lmsprovider.com\/wp-content\/uploads\/2024\/05\/Asset-Juridico-4-768x513.png 768w\" sizes=\"(max-width: 878px) 100vw, 878px\" \/>\t\t\t\t\t\t\t\t\t\t\t\t\t<\/div>\n\t\t\t\t<\/div>\n\t\t\t\t<div class=\"elementor-element elementor-element-1f9e8533 elementor-widget elementor-widget-jkit_heading\" data-id=\"1f9e8533\" data-element_type=\"widget\" data-widget_type=\"jkit_heading.default\">\n\t\t\t\t<div class=\"elementor-widget-container\">\n\t\t\t<div  class=\"jeg-elementor-kit jkit-heading  align-center align-tablet- align-mobile- jeg_module__3_6a08eb16c1396\" ><div class=\"heading-section-title  display-inline-block\"><h2 class=\"heading-title\">Due Diligence Legal<\/h2><\/div><div class=\"heading-section-description\"><p class=\"p1\">Uma <i>due diligence<\/i> legal completa pode ser conduzida para identificar quaisquer potenciais problemas legais, riscos ou conting\u00eancias que possam surgir durante a opera\u00e7\u00e3o no Brasil <span class=\"s1\">ou nos demais pa\u00edses latino-americanos<\/span>. Isso envolver\u00e1 a revis\u00e3o de contratos, propriedade intelectual, lit\u00edgios pendentes, conformidade regulat\u00f3ria e outras quest\u00f5es legais relevantes.<\/p><\/div><\/div>\t\t<\/div>\n\t\t\t\t<\/div>\n\t\t\t\t<\/div>\n\t\t<div class=\"elementor-element elementor-element-ec006fd e-con-full e-flex e-con e-child\" data-id=\"ec006fd\" data-element_type=\"container\">\n\t\t\t\t<div class=\"elementor-element elementor-element-23b07595 elementor-widget elementor-widget-image\" data-id=\"23b07595\" data-element_type=\"widget\" data-widget_type=\"image.default\">\n\t\t\t\t<div class=\"elementor-widget-container\">\n\t\t\t\t\t\t\t\t\t\t\t\t\t<img loading=\"lazy\" decoding=\"async\" width=\"878\" height=\"586\" src=\"https:\/\/lmsprovider.com\/wp-content\/uploads\/2024\/05\/Asset-Juridico-5.png\" class=\"attachment-full size-full wp-image-2406\" alt=\"\" srcset=\"https:\/\/lmsprovider.com\/wp-content\/uploads\/2024\/05\/Asset-Juridico-5.png 878w, https:\/\/lmsprovider.com\/wp-content\/uploads\/2024\/05\/Asset-Juridico-5-300x200.png 300w, https:\/\/lmsprovider.com\/wp-content\/uploads\/2024\/05\/Asset-Juridico-5-768x513.png 768w\" sizes=\"(max-width: 878px) 100vw, 878px\" \/>\t\t\t\t\t\t\t\t\t\t\t\t\t<\/div>\n\t\t\t\t<\/div>\n\t\t\t\t<div class=\"elementor-element elementor-element-6646358c elementor-widget elementor-widget-jkit_heading\" data-id=\"6646358c\" data-element_type=\"widget\" data-widget_type=\"jkit_heading.default\">\n\t\t\t\t<div class=\"elementor-widget-container\">\n\t\t\t<div  class=\"jeg-elementor-kit jkit-heading  align-center align-tablet- align-mobile- jeg_module__4_6a08eb16c2aa2\" ><div class=\"heading-section-title  display-inline-block\"><h2 class=\"heading-title\">Elabora\u00e7\u00e3o de Documenta\u00e7\u00e3o Legal<\/h2><\/div><div class=\"heading-section-description\"><p class=\"p1\">Com base nas descobertas da an\u00e1lise jur\u00eddica, <span class=\"s1\"><b>Lincoln Management Services<\/b><\/span> auxilia na elabora\u00e7\u00e3o de toda a documenta\u00e7\u00e3o legal necess\u00e1ria para estabelecer e operar a empresa no Brasil <span class=\"s2\">ou nos demais pa\u00edses latino-americanos<\/span>. Isso inclui contratos sociais, acordos de acionistas, contratos de trabalho, contratos comerciais, entre outros documentos legais essenciais.<\/p><\/div><\/div>\t\t<\/div>\n\t\t\t\t<\/div>\n\t\t\t\t<\/div>\n\t\t<div class=\"elementor-element elementor-element-44537213 e-con-full e-flex e-con e-child\" data-id=\"44537213\" data-element_type=\"container\">\n\t\t\t\t<div class=\"elementor-element elementor-element-5aa53c elementor-widget elementor-widget-image\" data-id=\"5aa53c\" data-element_type=\"widget\" data-widget_type=\"image.default\">\n\t\t\t\t<div class=\"elementor-widget-container\">\n\t\t\t\t\t\t\t\t\t\t\t\t\t<img loading=\"lazy\" decoding=\"async\" width=\"878\" height=\"586\" src=\"https:\/\/lmsprovider.com\/wp-content\/uploads\/2024\/05\/Asset-Juridico-6.png\" class=\"attachment-full size-full wp-image-2407\" alt=\"\" srcset=\"https:\/\/lmsprovider.com\/wp-content\/uploads\/2024\/05\/Asset-Juridico-6.png 878w, https:\/\/lmsprovider.com\/wp-content\/uploads\/2024\/05\/Asset-Juridico-6-300x200.png 300w, https:\/\/lmsprovider.com\/wp-content\/uploads\/2024\/05\/Asset-Juridico-6-768x513.png 768w\" sizes=\"(max-width: 878px) 100vw, 878px\" \/>\t\t\t\t\t\t\t\t\t\t\t\t\t<\/div>\n\t\t\t\t<\/div>\n\t\t\t\t<div class=\"elementor-element elementor-element-7bae86ea elementor-widget elementor-widget-jkit_heading\" data-id=\"7bae86ea\" data-element_type=\"widget\" data-widget_type=\"jkit_heading.default\">\n\t\t\t\t<div class=\"elementor-widget-container\">\n\t\t\t<div  class=\"jeg-elementor-kit jkit-heading  align-center align-tablet- align-mobile- jeg_module__5_6a08eb16c4497\" ><div class=\"heading-section-title  display-inline-block\"><h2 class=\"heading-title\">Assessoria Cont\u00ednua e Conformidade Legal<\/h2><\/div><div class=\"heading-section-description\"><p class=\"p1\">Al\u00e9m de fornecer orienta\u00e7\u00f5es iniciais, <span class=\"s1\"><b>Lincoln Management Services<\/b><\/span> oferece suporte cont\u00ednuo para garantir a conformidade legal cont\u00ednua da empresa <span class=\"s2\">nos pa\u00edses latino-americanos<\/span>. Isso pode envolver a atualiza\u00e7\u00e3o de documentos legais, aconselhamento sobre mudan\u00e7as regulat\u00f3rias, representa\u00e7\u00e3o em quest\u00f5es legais e qualquer outra assist\u00eancia necess\u00e1ria para manter as opera\u00e7\u00f5es em conformidade com a lei.<\/p><\/div><\/div>\t\t<\/div>\n\t\t\t\t<\/div>\n\t\t\t\t<\/div>\n\t\t\t\t<\/div>\n\t\t\t\t\t<\/div>\n\t\t\t\t<\/div>\n\t\t\t\t<\/div>\n\t\t","protected":false},"excerpt":{"rendered":"<p>Estudos jur\u00eddicos e orienta\u00e7\u00f5es para estabelecer opera\u00e7\u00f5es na Am\u00e9rica Latina Quando uma empresa internacional busca estabelecer opera\u00e7\u00f5es no Brasil ou nos demais pa\u00edses latino-americanos, enfrenta uma mir\u00edade de quest\u00f5es legais e regulat\u00f3rias complexas. Nesse contexto, os estudos jur\u00eddicos desempenham um papel fundamental, fornecendo orienta\u00e7\u00f5es precisas sobre a melhor forma de estruturar e operar no pa\u00eds de acordo com as leis &hellip;<\/p>\n","protected":false},"author":1,"featured_media":0,"parent":0,"menu_order":0,"comment_status":"closed","ping_status":"closed","template":"blank-builder.php","meta":{"footnotes":""},"_links":{"self":[{"href":"https:\/\/lmsprovider.com\/index.php?rest_route=\/wp\/v2\/pages\/1966"}],"collection":[{"href":"https:\/\/lmsprovider.com\/index.php?rest_route=\/wp\/v2\/pages"}],"about":[{"href":"https:\/\/lmsprovider.com\/index.php?rest_route=\/wp\/v2\/types\/page"}],"author":[{"embeddable":true,"href":"https:\/\/lmsprovider.com\/index.php?rest_route=\/wp\/v2\/users\/1"}],"replies":[{"embeddable":true,"href":"https:\/\/lmsprovider.com\/index.php?rest_route=%2Fwp%2Fv2%2Fcomments&post=1966"}],"version-history":[{"count":22,"href":"https:\/\/lmsprovider.com\/index.php?rest_route=\/wp\/v2\/pages\/1966\/revisions"}],"predecessor-version":[{"id":2450,"href":"https:\/\/lmsprovider.com\/index.php?rest_route=\/wp\/v2\/pages\/1966\/revisions\/2450"}],"wp:attachment":[{"href":"https:\/\/lmsprovider.com\/index.php?rest_route=%2Fwp%2Fv2%2Fmedia&parent=1966"}],"curies":[{"name":"wp","href":"https:\/\/api.w.org\/{rel}","templated":true}]}}