{"id":1971,"date":"2024-05-23T19:28:50","date_gmt":"2024-05-23T22:28:50","guid":{"rendered":"http:\/\/lmsprovider.com\/?page_id=1971"},"modified":"2024-05-28T14:21:30","modified_gmt":"2024-05-28T17:21:30","slug":"contabil-port","status":"publish","type":"page","link":"https:\/\/lmsprovider.com\/?page_id=1971","title":{"rendered":"Contabil PORT"},"content":{"rendered":"\t\t<div data-elementor-type=\"wp-page\" data-elementor-id=\"1971\" class=\"elementor elementor-1971\" data-elementor-post-type=\"page\">\n\t\t\t\t<div class=\"elementor-element elementor-element-5dd5000e e-flex e-con-boxed e-con e-parent\" data-id=\"5dd5000e\" data-element_type=\"container\">\n\t\t\t\t\t<div class=\"e-con-inner\">\n\t\t\t\t<div class=\"elementor-element elementor-element-6f96c3ee elementor-widget elementor-widget-spacer\" data-id=\"6f96c3ee\" data-element_type=\"widget\" data-widget_type=\"spacer.default\">\n\t\t\t\t<div class=\"elementor-widget-container\">\n\t\t\t<style>\/*! elementor - v3.21.0 - 26-05-2024 *\/\n.elementor-column .elementor-spacer-inner{height:var(--spacer-size)}.e-con{--container-widget-width:100%}.e-con-inner>.elementor-widget-spacer,.e-con>.elementor-widget-spacer{width:var(--container-widget-width,var(--spacer-size));--align-self:var(--container-widget-align-self,initial);--flex-shrink:0}.e-con-inner>.elementor-widget-spacer>.elementor-widget-container,.e-con>.elementor-widget-spacer>.elementor-widget-container{height:100%;width:100%}.e-con-inner>.elementor-widget-spacer>.elementor-widget-container>.elementor-spacer,.e-con>.elementor-widget-spacer>.elementor-widget-container>.elementor-spacer{height:100%}.e-con-inner>.elementor-widget-spacer>.elementor-widget-container>.elementor-spacer>.elementor-spacer-inner,.e-con>.elementor-widget-spacer>.elementor-widget-container>.elementor-spacer>.elementor-spacer-inner{height:var(--container-widget-height,var(--spacer-size))}.e-con-inner>.elementor-widget-spacer.elementor-widget-empty,.e-con>.elementor-widget-spacer.elementor-widget-empty{position:relative;min-height:22px;min-width:22px}.e-con-inner>.elementor-widget-spacer.elementor-widget-empty .elementor-widget-empty-icon,.e-con>.elementor-widget-spacer.elementor-widget-empty .elementor-widget-empty-icon{position:absolute;top:0;bottom:0;left:0;right:0;margin:auto;padding:0;width:22px;height:22px}<\/style>\t\t<div class=\"elementor-spacer\">\n\t\t\t<div class=\"elementor-spacer-inner\"><\/div>\n\t\t<\/div>\n\t\t\t\t<\/div>\n\t\t\t\t<\/div>\n\t\t\t\t\t<\/div>\n\t\t\t\t<\/div>\n\t\t<div class=\"elementor-element elementor-element-1e47f059 e-con-full e-flex e-con e-parent\" data-id=\"1e47f059\" data-element_type=\"container\">\n\t\t<div class=\"elementor-element elementor-element-5982630e e-flex e-con-boxed e-con e-child\" data-id=\"5982630e\" data-element_type=\"container\" data-settings=\"{&quot;background_background&quot;:&quot;classic&quot;}\">\n\t\t\t\t\t<div class=\"e-con-inner\">\n\t\t<div class=\"elementor-element elementor-element-55f811f1 e-con-full e-flex e-con e-child\" data-id=\"55f811f1\" data-element_type=\"container\">\n\t\t\t\t<div class=\"elementor-element elementor-element-2521b3b0 elementor-widget elementor-widget-heading\" data-id=\"2521b3b0\" data-element_type=\"widget\" data-widget_type=\"heading.default\">\n\t\t\t\t<div class=\"elementor-widget-container\">\n\t\t\t<style>\/*! elementor - v3.21.0 - 26-05-2024 *\/\n.elementor-heading-title{padding:0;margin:0;line-height:1}.elementor-widget-heading .elementor-heading-title[class*=elementor-size-]>a{color:inherit;font-size:inherit;line-height:inherit}.elementor-widget-heading .elementor-heading-title.elementor-size-small{font-size:15px}.elementor-widget-heading .elementor-heading-title.elementor-size-medium{font-size:19px}.elementor-widget-heading .elementor-heading-title.elementor-size-large{font-size:29px}.elementor-widget-heading .elementor-heading-title.elementor-size-xl{font-size:39px}.elementor-widget-heading .elementor-heading-title.elementor-size-xxl{font-size:59px}<\/style><h2 class=\"elementor-heading-title elementor-size-default\">Estudos cont\u00e1beis para otimiza\u00e7\u00e3o de taxas e impostos na Am\u00e9rica Latina<\/h2>\t\t<\/div>\n\t\t\t\t<\/div>\n\t\t\t\t<\/div>\n\t\t<div class=\"elementor-element elementor-element-6c86abb7 e-con-full e-flex e-con e-child\" data-id=\"6c86abb7\" data-element_type=\"container\">\n\t\t\t\t<\/div>\n\t\t\t\t\t<\/div>\n\t\t\t\t<\/div>\n\t\t\t\t<\/div>\n\t\t<div class=\"elementor-element elementor-element-3496c682 e-flex e-con-boxed e-con e-parent\" data-id=\"3496c682\" data-element_type=\"container\">\n\t\t\t\t\t<div class=\"e-con-inner\">\n\t\t<div class=\"elementor-element elementor-element-6bc50104 e-con-full e-flex e-con e-child\" data-id=\"6bc50104\" data-element_type=\"container\" data-settings=\"{&quot;background_background&quot;:&quot;classic&quot;}\">\n\t\t\t\t<div class=\"elementor-element elementor-element-ab106f3 elementor-widget elementor-widget-text-editor\" data-id=\"ab106f3\" data-element_type=\"widget\" data-widget_type=\"text-editor.default\">\n\t\t\t\t<div class=\"elementor-widget-container\">\n\t\t\t<style>\/*! elementor - v3.21.0 - 26-05-2024 *\/\n.elementor-widget-text-editor.elementor-drop-cap-view-stacked .elementor-drop-cap{background-color:#69727d;color:#fff}.elementor-widget-text-editor.elementor-drop-cap-view-framed .elementor-drop-cap{color:#69727d;border:3px solid;background-color:transparent}.elementor-widget-text-editor:not(.elementor-drop-cap-view-default) .elementor-drop-cap{margin-top:8px}.elementor-widget-text-editor:not(.elementor-drop-cap-view-default) .elementor-drop-cap-letter{width:1em;height:1em}.elementor-widget-text-editor .elementor-drop-cap{float:left;text-align:center;line-height:1;font-size:50px}.elementor-widget-text-editor .elementor-drop-cap-letter{display:inline-block}<\/style>\t\t\t\t<p class=\"p1\">Quando empresas internacionais consideram expandir suas opera\u00e7\u00f5es para o Brasil <span class=\"s1\">ou nos demais pa\u00edses latino-americanos<\/span>, a quest\u00e3o dos impostos e taxas \u00e9 uma das principais preocupa\u00e7\u00f5es. O sistema tribut\u00e1rio <span class=\"s1\">local<\/span> \u00e9 conhecido por sua complexidade e alta carga tribut\u00e1ria, o que torna essencial realizar estudos cont\u00e1beis detalhados para otimizar as taxas e minimizar os impactos fiscais.<\/p>\t\t\t\t\t\t<\/div>\n\t\t\t\t<\/div>\n\t\t\t\t<\/div>\n\t\t\t\t\t<\/div>\n\t\t\t\t<\/div>\n\t\t<div class=\"elementor-element elementor-element-344348fd e-flex e-con-boxed e-con e-parent\" data-id=\"344348fd\" data-element_type=\"container\">\n\t\t\t\t\t<div class=\"e-con-inner\">\n\t\t<div class=\"elementor-element elementor-element-4dbff6d0 e-con-full e-flex e-con e-child\" data-id=\"4dbff6d0\" data-element_type=\"container\">\n\t\t<div class=\"elementor-element elementor-element-53dad1de e-con-full e-flex e-con e-child\" data-id=\"53dad1de\" data-element_type=\"container\">\n\t\t<div class=\"elementor-element elementor-element-6ce3b033 e-con-full e-flex e-con e-child\" data-id=\"6ce3b033\" data-element_type=\"container\">\n\t\t\t\t<div class=\"elementor-element elementor-element-1e2f74b6 jkit-equal-height-disable elementor-widget elementor-widget-jkit_icon_box\" data-id=\"1e2f74b6\" data-element_type=\"widget\" data-widget_type=\"jkit_icon_box.default\">\n\t\t\t\t<div class=\"elementor-widget-container\">\n\t\t\t<div  class=\"jeg-elementor-kit jkit-icon-box icon-position-left elementor-animation- jeg_module___69f20d3ed37d9\" ><a href=\"#\" class=\"icon-box-link\" aria-label=\"Learn More\"><div class=\"jkit-icon-box-wrapper hover-from-left\"><div class=\"icon-box icon-box-header elementor-animation-\"><div class=\"icon style-color\"><img fetchpriority=\"high\" decoding=\"async\" width=\"490\" height=\"490\" src=\"https:\/\/lmsprovider.com\/wp-content\/uploads\/2024\/05\/Asset-020.png\" class=\"attachment-full size-full\" alt=\"An\u00e1lise do Regime Tribut\u00e1rio Brasileiro\" srcset=\"https:\/\/lmsprovider.com\/wp-content\/uploads\/2024\/05\/Asset-020.png 490w, https:\/\/lmsprovider.com\/wp-content\/uploads\/2024\/05\/Asset-020-300x300.png 300w, https:\/\/lmsprovider.com\/wp-content\/uploads\/2024\/05\/Asset-020-150x150.png 150w\" sizes=\"(max-width: 490px) 100vw, 490px\" \/><\/div><\/div><div class=\"icon-box icon-box-body\">\n                <h4 class=\"title\">An\u00e1lise do Regime Tribut\u00e1rio Brasileiro<\/h4><p class=\"icon-box-description\">Lincoln Management Services realiza uma an\u00e1lise abrangente do regime tribut\u00e1rio local, incluindo os principais impostos federais, estaduais e municipais que podem ser aplic\u00e1veis \u00e0 empresa. Isso envolve a compreens\u00e3o das al\u00edquotas, bases de c\u00e1lculo, obriga\u00e7\u00f5es acess\u00f3rias e incentivos fiscais dispon\u00edveis.<\/p>\n            <\/div>\n            \n            <\/div><\/a><\/div>\t\t<\/div>\n\t\t\t\t<\/div>\n\t\t\t\t<\/div>\n\t\t<div class=\"elementor-element elementor-element-66d6102e e-con-full e-flex e-con e-child\" data-id=\"66d6102e\" data-element_type=\"container\">\n\t\t\t\t<div class=\"elementor-element elementor-element-2b273869 jkit-equal-height-disable elementor-widget elementor-widget-jkit_icon_box\" data-id=\"2b273869\" data-element_type=\"widget\" data-widget_type=\"jkit_icon_box.default\">\n\t\t\t\t<div class=\"elementor-widget-container\">\n\t\t\t<div  class=\"jeg-elementor-kit jkit-icon-box icon-position-left elementor-animation- jeg_module__1_69f20d3ed5cc4\" ><a href=\"#\" class=\"icon-box-link\" aria-label=\"Learn More\"><div class=\"jkit-icon-box-wrapper hover-from-left\"><div class=\"icon-box icon-box-header elementor-animation-\"><div class=\"icon style-color\"><img decoding=\"async\" width=\"490\" height=\"490\" src=\"https:\/\/lmsprovider.com\/wp-content\/uploads\/2024\/05\/Asset-020.png\" class=\"attachment-full size-full\" alt=\"Avalia\u00e7\u00e3o da Estrutura Societ\u00e1ria e Operacional\" srcset=\"https:\/\/lmsprovider.com\/wp-content\/uploads\/2024\/05\/Asset-020.png 490w, https:\/\/lmsprovider.com\/wp-content\/uploads\/2024\/05\/Asset-020-300x300.png 300w, https:\/\/lmsprovider.com\/wp-content\/uploads\/2024\/05\/Asset-020-150x150.png 150w\" sizes=\"(max-width: 490px) 100vw, 490px\" \/><\/div><\/div><div class=\"icon-box icon-box-body\">\n                <h4 class=\"title\">Avalia\u00e7\u00e3o da Estrutura Societ\u00e1ria e Operacional<\/h4><p class=\"icon-box-description\">Com base na natureza das opera\u00e7\u00f5es da empresa e seus objetivos comerciais, Lincoln Management Services avalia a estrutura societ\u00e1ria e operacional mais adequada para otimizar a carga tribut\u00e1ria. Isso pode incluir a escolha entre formas de organiza\u00e7\u00e3o como filial, subsidi\u00e1ria, joint venture, entre outras, levando em considera\u00e7\u00e3o as implica\u00e7\u00f5es fiscais de cada uma.<\/p>\n            <\/div>\n            \n            <\/div><\/a><\/div>\t\t<\/div>\n\t\t\t\t<\/div>\n\t\t\t\t<\/div>\n\t\t\t\t<\/div>\n\t\t\t\t<\/div>\n\t\t<div class=\"elementor-element elementor-element-ed23558 e-con-full e-flex e-con e-child\" data-id=\"ed23558\" data-element_type=\"container\">\n\t\t\t\t<div class=\"elementor-element elementor-element-4c504bf4 elementor-widget elementor-widget-image\" data-id=\"4c504bf4\" data-element_type=\"widget\" data-widget_type=\"image.default\">\n\t\t\t\t<div class=\"elementor-widget-container\">\n\t\t\t<style>\/*! elementor - v3.21.0 - 26-05-2024 *\/\n.elementor-widget-image{text-align:center}.elementor-widget-image a{display:inline-block}.elementor-widget-image a img[src$=\".svg\"]{width:48px}.elementor-widget-image img{vertical-align:middle;display:inline-block}<\/style>\t\t\t\t\t\t\t\t\t\t<img decoding=\"async\" width=\"916\" height=\"766\" src=\"https:\/\/lmsprovider.com\/wp-content\/uploads\/2024\/05\/Asset-01-Contabil.png\" class=\"attachment-full size-full wp-image-2029\" alt=\"\" srcset=\"https:\/\/lmsprovider.com\/wp-content\/uploads\/2024\/05\/Asset-01-Contabil.png 916w, https:\/\/lmsprovider.com\/wp-content\/uploads\/2024\/05\/Asset-01-Contabil-300x251.png 300w, https:\/\/lmsprovider.com\/wp-content\/uploads\/2024\/05\/Asset-01-Contabil-768x642.png 768w\" sizes=\"(max-width: 916px) 100vw, 916px\" \/>\t\t\t\t\t\t\t\t\t\t\t\t\t<\/div>\n\t\t\t\t<\/div>\n\t\t\t\t<\/div>\n\t\t\t\t\t<\/div>\n\t\t\t\t<\/div>\n\t\t<div class=\"elementor-element elementor-element-dead59 e-flex e-con-boxed e-con e-parent\" data-id=\"dead59\" data-element_type=\"container\">\n\t\t\t\t\t<div class=\"e-con-inner\">\n\t\t\t\t<div class=\"elementor-element elementor-element-17daa112 elementor-widget__width-initial elementor-widget elementor-widget-heading\" data-id=\"17daa112\" data-element_type=\"widget\" data-widget_type=\"heading.default\">\n\t\t\t\t<div class=\"elementor-widget-container\">\n\t\t\t<h2 class=\"elementor-heading-title elementor-size-default\">E mais...<\/h2>\t\t<\/div>\n\t\t\t\t<\/div>\n\t\t<div class=\"elementor-element elementor-element-1b2268a6 e-con-full e-flex e-con e-child\" data-id=\"1b2268a6\" data-element_type=\"container\">\n\t\t<div class=\"elementor-element elementor-element-3f21dc73 e-con-full e-flex e-con e-child\" data-id=\"3f21dc73\" data-element_type=\"container\">\n\t\t\t\t<div class=\"elementor-element elementor-element-2c6e3181 elementor-widget elementor-widget-image\" data-id=\"2c6e3181\" data-element_type=\"widget\" data-widget_type=\"image.default\">\n\t\t\t\t<div class=\"elementor-widget-container\">\n\t\t\t\t\t\t\t\t\t\t\t\t\t<img loading=\"lazy\" decoding=\"async\" width=\"878\" height=\"586\" src=\"https:\/\/lmsprovider.com\/wp-content\/uploads\/2024\/05\/Asset-Contabil-3.png\" class=\"attachment-full size-full wp-image-2411\" alt=\"\" srcset=\"https:\/\/lmsprovider.com\/wp-content\/uploads\/2024\/05\/Asset-Contabil-3.png 878w, https:\/\/lmsprovider.com\/wp-content\/uploads\/2024\/05\/Asset-Contabil-3-300x200.png 300w, https:\/\/lmsprovider.com\/wp-content\/uploads\/2024\/05\/Asset-Contabil-3-768x513.png 768w\" sizes=\"(max-width: 878px) 100vw, 878px\" \/>\t\t\t\t\t\t\t\t\t\t\t\t\t<\/div>\n\t\t\t\t<\/div>\n\t\t\t\t<div class=\"elementor-element elementor-element-526b2cc2 elementor-widget elementor-widget-jkit_heading\" data-id=\"526b2cc2\" data-element_type=\"widget\" data-widget_type=\"jkit_heading.default\">\n\t\t\t\t<div class=\"elementor-widget-container\">\n\t\t\t<div  class=\"jeg-elementor-kit jkit-heading  align-center align-tablet- align-mobile- jeg_module__2_69f20d3edcbbe\" ><div class=\"heading-section-title  display-inline-block\"><h2 class=\"heading-title\">Identifica\u00e7\u00e3o de Incentivos Fiscais e Benef\u00edcios<\/h2><\/div><div class=\"heading-section-description\"><p class=\"p1\">Uma parte importante dos estudos cont\u00e1beis \u00e9 a identifica\u00e7\u00e3o de incentivos fiscais e benef\u00edcios dispon\u00edveis para empresas que operam no Brasil <span class=\"s1\">ou nos demais pa\u00edses latino-americanos<\/span>. Isso pode incluir regimes especiais de tributa\u00e7\u00e3o, isen\u00e7\u00f5es fiscais, cr\u00e9ditos tribut\u00e1rios e outros mecanismos que podem ajudar a reduzir a carga tribut\u00e1ria da empresa.<\/p><\/div><\/div>\t\t<\/div>\n\t\t\t\t<\/div>\n\t\t\t\t<\/div>\n\t\t<div class=\"elementor-element elementor-element-484a6192 e-con-full e-flex e-con e-child\" data-id=\"484a6192\" data-element_type=\"container\">\n\t\t\t\t<div class=\"elementor-element elementor-element-29cfc8e1 elementor-widget elementor-widget-image\" data-id=\"29cfc8e1\" data-element_type=\"widget\" data-widget_type=\"image.default\">\n\t\t\t\t<div class=\"elementor-widget-container\">\n\t\t\t\t\t\t\t\t\t\t\t\t\t<img loading=\"lazy\" decoding=\"async\" width=\"878\" height=\"586\" src=\"https:\/\/lmsprovider.com\/wp-content\/uploads\/2024\/05\/Asset-Contabil-4.png\" class=\"attachment-full size-full wp-image-2412\" alt=\"\" srcset=\"https:\/\/lmsprovider.com\/wp-content\/uploads\/2024\/05\/Asset-Contabil-4.png 878w, https:\/\/lmsprovider.com\/wp-content\/uploads\/2024\/05\/Asset-Contabil-4-300x200.png 300w, https:\/\/lmsprovider.com\/wp-content\/uploads\/2024\/05\/Asset-Contabil-4-768x513.png 768w\" sizes=\"(max-width: 878px) 100vw, 878px\" \/>\t\t\t\t\t\t\t\t\t\t\t\t\t<\/div>\n\t\t\t\t<\/div>\n\t\t\t\t<div class=\"elementor-element elementor-element-1f9e8533 elementor-widget elementor-widget-jkit_heading\" data-id=\"1f9e8533\" data-element_type=\"widget\" data-widget_type=\"jkit_heading.default\">\n\t\t\t\t<div class=\"elementor-widget-container\">\n\t\t\t<div  class=\"jeg-elementor-kit jkit-heading  align-center align-tablet- align-mobile- jeg_module__3_69f20d3edeb69\" ><div class=\"heading-section-title  display-inline-block\"><h2 class=\"heading-title\">Planejamento Tribut\u00e1rio Estrat\u00e9gico<\/h2><\/div><div class=\"heading-section-description\"><p class=\"p1\">Com base na an\u00e1lise cont\u00e1bil e nas informa\u00e7\u00f5es reunidas, <span class=\"s1\"><b>Lincoln Management Services<\/b><\/span> trabalha para desenvolver um plano tribut\u00e1rio estrat\u00e9gico que maximize a efici\u00eancia fiscal da empresa no Brasil <span class=\"s2\">e nos demais pa\u00edses latino-americanos<\/span>. Isso pode envolver a recomenda\u00e7\u00e3o de estrat\u00e9gias para a gest\u00e3o de lucros, a utiliza\u00e7\u00e3o de dedu\u00e7\u00f5es fiscais, a minimiza\u00e7\u00e3o de impostos sobre remessas de lucros, entre outras medidas.<\/p><\/div><\/div>\t\t<\/div>\n\t\t\t\t<\/div>\n\t\t\t\t<\/div>\n\t\t<div class=\"elementor-element elementor-element-ec006fd e-con-full e-flex e-con e-child\" data-id=\"ec006fd\" data-element_type=\"container\">\n\t\t\t\t<div class=\"elementor-element elementor-element-23b07595 elementor-widget elementor-widget-image\" data-id=\"23b07595\" data-element_type=\"widget\" data-widget_type=\"image.default\">\n\t\t\t\t<div class=\"elementor-widget-container\">\n\t\t\t\t\t\t\t\t\t\t\t\t\t<img loading=\"lazy\" decoding=\"async\" width=\"878\" height=\"586\" src=\"https:\/\/lmsprovider.com\/wp-content\/uploads\/2024\/05\/Asset-Contabil-5.png\" class=\"attachment-full size-full wp-image-2413\" alt=\"\" srcset=\"https:\/\/lmsprovider.com\/wp-content\/uploads\/2024\/05\/Asset-Contabil-5.png 878w, https:\/\/lmsprovider.com\/wp-content\/uploads\/2024\/05\/Asset-Contabil-5-300x200.png 300w, https:\/\/lmsprovider.com\/wp-content\/uploads\/2024\/05\/Asset-Contabil-5-768x513.png 768w\" sizes=\"(max-width: 878px) 100vw, 878px\" \/>\t\t\t\t\t\t\t\t\t\t\t\t\t<\/div>\n\t\t\t\t<\/div>\n\t\t\t\t<div class=\"elementor-element elementor-element-6646358c elementor-widget elementor-widget-jkit_heading\" data-id=\"6646358c\" data-element_type=\"widget\" data-widget_type=\"jkit_heading.default\">\n\t\t\t\t<div class=\"elementor-widget-container\">\n\t\t\t<div  class=\"jeg-elementor-kit jkit-heading  align-center align-tablet- align-mobile- jeg_module__4_69f20d3ee09ac\" ><div class=\"heading-section-title  display-inline-block\"><h2 class=\"heading-title\">Conformidade Fiscal e Cont\u00e1bil<\/h2><\/div><div class=\"heading-section-description\"><p class=\"p1\">Al\u00e9m de ajudar a otimizar a carga tribut\u00e1ria, <span class=\"s1\"><b>Lincoln Management Services<\/b><\/span> tamb\u00e9m fornece orienta\u00e7\u00f5es para garantir a conformidade fiscal e cont\u00e1bil da empresa com as leis locais. Isso inclui o cumprimento das obriga\u00e7\u00f5es de declara\u00e7\u00e3o, a prepara\u00e7\u00e3o e apresenta\u00e7\u00e3o de relat\u00f3rios financeiros em conformidade com os padr\u00f5es locais, e a implementa\u00e7\u00e3o de controles internos eficazes para evitar problemas fiscais no futuro.<\/p><\/div><\/div>\t\t<\/div>\n\t\t\t\t<\/div>\n\t\t\t\t<\/div>\n\t\t<div class=\"elementor-element elementor-element-44537213 e-con-full e-flex e-con e-child\" data-id=\"44537213\" data-element_type=\"container\">\n\t\t\t\t<div class=\"elementor-element elementor-element-5aa53c elementor-widget elementor-widget-image\" data-id=\"5aa53c\" data-element_type=\"widget\" data-widget_type=\"image.default\">\n\t\t\t\t<div class=\"elementor-widget-container\">\n\t\t\t\t\t\t\t\t\t\t\t\t\t<img loading=\"lazy\" decoding=\"async\" width=\"878\" height=\"586\" src=\"https:\/\/lmsprovider.com\/wp-content\/uploads\/2024\/05\/Asset-Contabil-6.png\" class=\"attachment-full size-full wp-image-2414\" alt=\"\" srcset=\"https:\/\/lmsprovider.com\/wp-content\/uploads\/2024\/05\/Asset-Contabil-6.png 878w, https:\/\/lmsprovider.com\/wp-content\/uploads\/2024\/05\/Asset-Contabil-6-300x200.png 300w, https:\/\/lmsprovider.com\/wp-content\/uploads\/2024\/05\/Asset-Contabil-6-768x513.png 768w\" sizes=\"(max-width: 878px) 100vw, 878px\" \/>\t\t\t\t\t\t\t\t\t\t\t\t\t<\/div>\n\t\t\t\t<\/div>\n\t\t\t\t<div class=\"elementor-element elementor-element-7bae86ea elementor-widget elementor-widget-jkit_heading\" data-id=\"7bae86ea\" data-element_type=\"widget\" data-widget_type=\"jkit_heading.default\">\n\t\t\t\t<div class=\"elementor-widget-container\">\n\t\t\t<div  class=\"jeg-elementor-kit jkit-heading  align-center align-tablet- align-mobile- jeg_module__5_69f20d3ee26c4\" ><div class=\"heading-section-title  display-inline-block\"><h2 class=\"heading-title\">Monitoramento e Atualiza\u00e7\u00e3o<\/h2><\/div><div class=\"heading-section-description\"><p class=\"p1\">O ambiente tribut\u00e1rio est\u00e1 sujeito a mudan\u00e7as regulares, portanto, <span class=\"s1\"><b>Lincoln Management Services<\/b><\/span> fornece servi\u00e7os de monitoramento cont\u00ednuo para garantir que a empresa esteja ciente de quaisquer altera\u00e7\u00f5es nas leis fiscais brasileiras <span class=\"s2\">ou dos demais pa\u00edses latino-americanos <\/span>que possam afetar suas opera\u00e7\u00f5es. Isso permite ajustes oportunos no planejamento tribut\u00e1rio para garantir a continuidade da otimiza\u00e7\u00e3o fiscal.<\/p><\/div><\/div>\t\t<\/div>\n\t\t\t\t<\/div>\n\t\t\t\t<\/div>\n\t\t\t\t<\/div>\n\t\t\t\t\t<\/div>\n\t\t\t\t<\/div>\n\t\t\t\t<\/div>\n\t\t","protected":false},"excerpt":{"rendered":"<p>Estudos cont\u00e1beis para otimiza\u00e7\u00e3o de taxas e impostos na Am\u00e9rica Latina Quando empresas internacionais consideram expandir suas opera\u00e7\u00f5es para o Brasil ou nos demais pa\u00edses latino-americanos, a quest\u00e3o dos impostos e taxas \u00e9 uma das principais preocupa\u00e7\u00f5es. O sistema tribut\u00e1rio local \u00e9 conhecido por sua complexidade e alta carga tribut\u00e1ria, o que torna essencial realizar estudos cont\u00e1beis detalhados para otimizar &hellip;<\/p>\n","protected":false},"author":1,"featured_media":0,"parent":0,"menu_order":0,"comment_status":"closed","ping_status":"closed","template":"blank-builder.php","meta":{"footnotes":""},"_links":{"self":[{"href":"https:\/\/lmsprovider.com\/index.php?rest_route=\/wp\/v2\/pages\/1971"}],"collection":[{"href":"https:\/\/lmsprovider.com\/index.php?rest_route=\/wp\/v2\/pages"}],"about":[{"href":"https:\/\/lmsprovider.com\/index.php?rest_route=\/wp\/v2\/types\/page"}],"author":[{"embeddable":true,"href":"https:\/\/lmsprovider.com\/index.php?rest_route=\/wp\/v2\/users\/1"}],"replies":[{"embeddable":true,"href":"https:\/\/lmsprovider.com\/index.php?rest_route=%2Fwp%2Fv2%2Fcomments&post=1971"}],"version-history":[{"count":17,"href":"https:\/\/lmsprovider.com\/index.php?rest_route=\/wp\/v2\/pages\/1971\/revisions"}],"predecessor-version":[{"id":2453,"href":"https:\/\/lmsprovider.com\/index.php?rest_route=\/wp\/v2\/pages\/1971\/revisions\/2453"}],"wp:attachment":[{"href":"https:\/\/lmsprovider.com\/index.php?rest_route=%2Fwp%2Fv2%2Fmedia&parent=1971"}],"curies":[{"name":"wp","href":"https:\/\/api.w.org\/{rel}","templated":true}]}}