{"id":1977,"date":"2024-05-23T19:35:27","date_gmt":"2024-05-23T22:35:27","guid":{"rendered":"http:\/\/lmsprovider.com\/?page_id=1977"},"modified":"2024-05-28T14:23:19","modified_gmt":"2024-05-28T17:23:19","slug":"compliance-port","status":"publish","type":"page","link":"https:\/\/lmsprovider.com\/?page_id=1977","title":{"rendered":"Compliance PORT"},"content":{"rendered":"\t\t<div data-elementor-type=\"wp-page\" data-elementor-id=\"1977\" class=\"elementor elementor-1977\" data-elementor-post-type=\"page\">\n\t\t\t\t<div class=\"elementor-element elementor-element-5dd5000e e-flex e-con-boxed e-con e-parent\" data-id=\"5dd5000e\" data-element_type=\"container\">\n\t\t\t\t\t<div class=\"e-con-inner\">\n\t\t\t\t<div class=\"elementor-element elementor-element-6f96c3ee elementor-widget elementor-widget-spacer\" data-id=\"6f96c3ee\" data-element_type=\"widget\" data-widget_type=\"spacer.default\">\n\t\t\t\t<div class=\"elementor-widget-container\">\n\t\t\t<style>\/*! elementor - v3.21.0 - 26-05-2024 *\/\n.elementor-column .elementor-spacer-inner{height:var(--spacer-size)}.e-con{--container-widget-width:100%}.e-con-inner>.elementor-widget-spacer,.e-con>.elementor-widget-spacer{width:var(--container-widget-width,var(--spacer-size));--align-self:var(--container-widget-align-self,initial);--flex-shrink:0}.e-con-inner>.elementor-widget-spacer>.elementor-widget-container,.e-con>.elementor-widget-spacer>.elementor-widget-container{height:100%;width:100%}.e-con-inner>.elementor-widget-spacer>.elementor-widget-container>.elementor-spacer,.e-con>.elementor-widget-spacer>.elementor-widget-container>.elementor-spacer{height:100%}.e-con-inner>.elementor-widget-spacer>.elementor-widget-container>.elementor-spacer>.elementor-spacer-inner,.e-con>.elementor-widget-spacer>.elementor-widget-container>.elementor-spacer>.elementor-spacer-inner{height:var(--container-widget-height,var(--spacer-size))}.e-con-inner>.elementor-widget-spacer.elementor-widget-empty,.e-con>.elementor-widget-spacer.elementor-widget-empty{position:relative;min-height:22px;min-width:22px}.e-con-inner>.elementor-widget-spacer.elementor-widget-empty .elementor-widget-empty-icon,.e-con>.elementor-widget-spacer.elementor-widget-empty .elementor-widget-empty-icon{position:absolute;top:0;bottom:0;left:0;right:0;margin:auto;padding:0;width:22px;height:22px}<\/style>\t\t<div class=\"elementor-spacer\">\n\t\t\t<div class=\"elementor-spacer-inner\"><\/div>\n\t\t<\/div>\n\t\t\t\t<\/div>\n\t\t\t\t<\/div>\n\t\t\t\t\t<\/div>\n\t\t\t\t<\/div>\n\t\t<div class=\"elementor-element elementor-element-1e47f059 e-con-full e-flex e-con e-parent\" data-id=\"1e47f059\" data-element_type=\"container\">\n\t\t<div class=\"elementor-element elementor-element-5982630e e-flex e-con-boxed e-con e-child\" data-id=\"5982630e\" data-element_type=\"container\" data-settings=\"{&quot;background_background&quot;:&quot;classic&quot;}\">\n\t\t\t\t\t<div class=\"e-con-inner\">\n\t\t<div class=\"elementor-element elementor-element-55f811f1 e-con-full e-flex e-con e-child\" data-id=\"55f811f1\" data-element_type=\"container\">\n\t\t\t\t<div class=\"elementor-element elementor-element-2521b3b0 elementor-widget elementor-widget-heading\" data-id=\"2521b3b0\" data-element_type=\"widget\" data-widget_type=\"heading.default\">\n\t\t\t\t<div class=\"elementor-widget-container\">\n\t\t\t<style>\/*! elementor - v3.21.0 - 26-05-2024 *\/\n.elementor-heading-title{padding:0;margin:0;line-height:1}.elementor-widget-heading .elementor-heading-title[class*=elementor-size-]>a{color:inherit;font-size:inherit;line-height:inherit}.elementor-widget-heading .elementor-heading-title.elementor-size-small{font-size:15px}.elementor-widget-heading .elementor-heading-title.elementor-size-medium{font-size:19px}.elementor-widget-heading .elementor-heading-title.elementor-size-large{font-size:29px}.elementor-widget-heading .elementor-heading-title.elementor-size-xl{font-size:39px}.elementor-widget-heading .elementor-heading-title.elementor-size-xxl{font-size:59px}<\/style><h2 class=\"elementor-heading-title elementor-size-default\">Implementa\u00e7\u00e3o de Governan\u00e7a Corporativa, ESG e Compliance<\/h2>\t\t<\/div>\n\t\t\t\t<\/div>\n\t\t\t\t<\/div>\n\t\t<div class=\"elementor-element elementor-element-6c86abb7 e-con-full e-flex e-con e-child\" data-id=\"6c86abb7\" data-element_type=\"container\">\n\t\t\t\t<\/div>\n\t\t\t\t\t<\/div>\n\t\t\t\t<\/div>\n\t\t\t\t<\/div>\n\t\t<div class=\"elementor-element elementor-element-3496c682 e-flex e-con-boxed e-con e-parent\" data-id=\"3496c682\" data-element_type=\"container\">\n\t\t\t\t\t<div class=\"e-con-inner\">\n\t\t<div class=\"elementor-element elementor-element-6bc50104 e-con-full e-flex e-con e-child\" data-id=\"6bc50104\" data-element_type=\"container\" data-settings=\"{&quot;background_background&quot;:&quot;classic&quot;}\">\n\t\t\t\t<div class=\"elementor-element elementor-element-ab106f3 elementor-widget elementor-widget-text-editor\" data-id=\"ab106f3\" data-element_type=\"widget\" data-widget_type=\"text-editor.default\">\n\t\t\t\t<div class=\"elementor-widget-container\">\n\t\t\t<style>\/*! elementor - v3.21.0 - 26-05-2024 *\/\n.elementor-widget-text-editor.elementor-drop-cap-view-stacked .elementor-drop-cap{background-color:#69727d;color:#fff}.elementor-widget-text-editor.elementor-drop-cap-view-framed .elementor-drop-cap{color:#69727d;border:3px solid;background-color:transparent}.elementor-widget-text-editor:not(.elementor-drop-cap-view-default) .elementor-drop-cap{margin-top:8px}.elementor-widget-text-editor:not(.elementor-drop-cap-view-default) .elementor-drop-cap-letter{width:1em;height:1em}.elementor-widget-text-editor .elementor-drop-cap{float:left;text-align:center;line-height:1;font-size:50px}.elementor-widget-text-editor .elementor-drop-cap-letter{display:inline-block}<\/style>\t\t\t\t<p class=\"p1\">Quando empresas internacionais buscam estabelecer opera\u00e7\u00f5es no Brasil <span class=\"s1\">ou nos demais pa\u00edses latino-americanos<\/span>, a implementa\u00e7\u00e3o de uma s\u00f3lida governan\u00e7a corporativa, pr\u00e1ticas ESG (Ambiental, Social e Governan\u00e7a) e <i>compliance<\/i> torna-se imperativa. Esses elementos n\u00e3o apenas promovem a transpar\u00eancia e a responsabilidade, mas tamb\u00e9m garantem a conformidade com as regulamenta\u00e7\u00f5es locais e refletem o compromisso da empresa com a sustentabilidade e a \u00e9tica.<\/p>\t\t\t\t\t\t<\/div>\n\t\t\t\t<\/div>\n\t\t\t\t<\/div>\n\t\t\t\t\t<\/div>\n\t\t\t\t<\/div>\n\t\t<div class=\"elementor-element elementor-element-344348fd e-flex e-con-boxed e-con e-parent\" data-id=\"344348fd\" data-element_type=\"container\">\n\t\t\t\t\t<div class=\"e-con-inner\">\n\t\t<div class=\"elementor-element elementor-element-4dbff6d0 e-con-full e-flex e-con e-child\" data-id=\"4dbff6d0\" data-element_type=\"container\">\n\t\t<div class=\"elementor-element elementor-element-53dad1de e-con-full e-flex e-con e-child\" data-id=\"53dad1de\" data-element_type=\"container\">\n\t\t<div class=\"elementor-element elementor-element-6ce3b033 e-con-full e-flex e-con e-child\" data-id=\"6ce3b033\" data-element_type=\"container\">\n\t\t\t\t<div class=\"elementor-element elementor-element-1e2f74b6 jkit-equal-height-disable elementor-widget elementor-widget-jkit_icon_box\" data-id=\"1e2f74b6\" data-element_type=\"widget\" data-widget_type=\"jkit_icon_box.default\">\n\t\t\t\t<div class=\"elementor-widget-container\">\n\t\t\t<div  class=\"jeg-elementor-kit jkit-icon-box icon-position-left elementor-animation- jeg_module___6a0464d28561b\" ><a href=\"#\" class=\"icon-box-link\" aria-label=\"Learn More\"><div class=\"jkit-icon-box-wrapper hover-from-left\"><div class=\"icon-box icon-box-header elementor-animation-\"><div class=\"icon style-color\"><img fetchpriority=\"high\" decoding=\"async\" width=\"490\" height=\"490\" src=\"https:\/\/lmsprovider.com\/wp-content\/uploads\/2024\/05\/Asset-020.png\" class=\"attachment-full size-full\" alt=\"Avalia\u00e7\u00e3o da Governan\u00e7a Corporativa Existente\" srcset=\"https:\/\/lmsprovider.com\/wp-content\/uploads\/2024\/05\/Asset-020.png 490w, https:\/\/lmsprovider.com\/wp-content\/uploads\/2024\/05\/Asset-020-300x300.png 300w, https:\/\/lmsprovider.com\/wp-content\/uploads\/2024\/05\/Asset-020-150x150.png 150w\" sizes=\"(max-width: 490px) 100vw, 490px\" \/><\/div><\/div><div class=\"icon-box icon-box-body\">\n                <h4 class=\"title\">Avalia\u00e7\u00e3o da Governan\u00e7a Corporativa Existente<\/h4><p class=\"icon-box-description\">Lincoln Management Services come\u00e7a por realizar uma avalia\u00e7\u00e3o abrangente da governan\u00e7a corporativa da empresa internacional, incluindo estruturas de tomada de decis\u00e3o, composi\u00e7\u00e3o do conselho, pol\u00edticas de gest\u00e3o de riscos e procedimentos de presta\u00e7\u00e3o de contas. Isso fornece uma base para identificar \u00e1reas de melhoria e desenvolver um plano de a\u00e7\u00e3o adequado.<\/p>\n            <\/div>\n            \n            <\/div><\/a><\/div>\t\t<\/div>\n\t\t\t\t<\/div>\n\t\t\t\t<\/div>\n\t\t<div class=\"elementor-element elementor-element-66d6102e e-con-full e-flex e-con e-child\" data-id=\"66d6102e\" data-element_type=\"container\">\n\t\t\t\t<div class=\"elementor-element elementor-element-2b273869 jkit-equal-height-disable elementor-widget elementor-widget-jkit_icon_box\" data-id=\"2b273869\" data-element_type=\"widget\" data-widget_type=\"jkit_icon_box.default\">\n\t\t\t\t<div class=\"elementor-widget-container\">\n\t\t\t<div  class=\"jeg-elementor-kit jkit-icon-box icon-position-left elementor-animation- jeg_module__1_6a0464d2873bd\" ><a href=\"#\" class=\"icon-box-link\" aria-label=\"Learn More\"><div class=\"jkit-icon-box-wrapper hover-from-left\"><div class=\"icon-box icon-box-header elementor-animation-\"><div class=\"icon style-color\"><img decoding=\"async\" width=\"490\" height=\"490\" src=\"https:\/\/lmsprovider.com\/wp-content\/uploads\/2024\/05\/Asset-020.png\" class=\"attachment-full size-full\" alt=\"Desenvolvimento de Pol\u00edticas e Diretrizes ESG\" srcset=\"https:\/\/lmsprovider.com\/wp-content\/uploads\/2024\/05\/Asset-020.png 490w, https:\/\/lmsprovider.com\/wp-content\/uploads\/2024\/05\/Asset-020-300x300.png 300w, https:\/\/lmsprovider.com\/wp-content\/uploads\/2024\/05\/Asset-020-150x150.png 150w\" sizes=\"(max-width: 490px) 100vw, 490px\" \/><\/div><\/div><div class=\"icon-box icon-box-body\">\n                <h4 class=\"title\">Desenvolvimento de Pol\u00edticas e Diretrizes ESG<\/h4><p class=\"icon-box-description\">Com base nos princ\u00edpios ESG, Lincoln Management Services ajuda a empresa a desenvolver pol\u00edticas e diretrizes que abordem quest\u00f5es ambientais, sociais e de governan\u00e7a. Isso pode incluir pol\u00edticas de sustentabilidade ambiental, pr\u00e1ticas de responsabilidade social corporativa, diversidade e inclus\u00e3o, \u00e9tica nos neg\u00f3cios e transpar\u00eancia nos relat\u00f3rios.<\/p>\n            <\/div>\n            \n            <\/div><\/a><\/div>\t\t<\/div>\n\t\t\t\t<\/div>\n\t\t\t\t<\/div>\n\t\t\t\t<\/div>\n\t\t\t\t<\/div>\n\t\t<div class=\"elementor-element elementor-element-ed23558 e-con-full e-flex e-con e-child\" data-id=\"ed23558\" data-element_type=\"container\">\n\t\t\t\t<div class=\"elementor-element elementor-element-4c504bf4 elementor-widget elementor-widget-image\" data-id=\"4c504bf4\" data-element_type=\"widget\" data-widget_type=\"image.default\">\n\t\t\t\t<div class=\"elementor-widget-container\">\n\t\t\t<style>\/*! elementor - v3.21.0 - 26-05-2024 *\/\n.elementor-widget-image{text-align:center}.elementor-widget-image a{display:inline-block}.elementor-widget-image a img[src$=\".svg\"]{width:48px}.elementor-widget-image img{vertical-align:middle;display:inline-block}<\/style>\t\t\t\t\t\t\t\t\t\t<img decoding=\"async\" width=\"916\" height=\"766\" src=\"https:\/\/lmsprovider.com\/wp-content\/uploads\/2024\/05\/Asset-01-Compliance.png\" class=\"attachment-full size-full wp-image-2028\" alt=\"\" srcset=\"https:\/\/lmsprovider.com\/wp-content\/uploads\/2024\/05\/Asset-01-Compliance.png 916w, https:\/\/lmsprovider.com\/wp-content\/uploads\/2024\/05\/Asset-01-Compliance-300x251.png 300w, https:\/\/lmsprovider.com\/wp-content\/uploads\/2024\/05\/Asset-01-Compliance-768x642.png 768w\" sizes=\"(max-width: 916px) 100vw, 916px\" \/>\t\t\t\t\t\t\t\t\t\t\t\t\t<\/div>\n\t\t\t\t<\/div>\n\t\t\t\t<\/div>\n\t\t\t\t\t<\/div>\n\t\t\t\t<\/div>\n\t\t<div class=\"elementor-element elementor-element-dead59 e-flex e-con-boxed e-con e-parent\" data-id=\"dead59\" data-element_type=\"container\">\n\t\t\t\t\t<div class=\"e-con-inner\">\n\t\t\t\t<div class=\"elementor-element elementor-element-17daa112 elementor-widget__width-initial elementor-widget elementor-widget-heading\" data-id=\"17daa112\" data-element_type=\"widget\" data-widget_type=\"heading.default\">\n\t\t\t\t<div class=\"elementor-widget-container\">\n\t\t\t<h2 class=\"elementor-heading-title elementor-size-default\">E mais...<\/h2>\t\t<\/div>\n\t\t\t\t<\/div>\n\t\t<div class=\"elementor-element elementor-element-1b2268a6 e-con-full e-flex e-con e-child\" data-id=\"1b2268a6\" data-element_type=\"container\">\n\t\t<div class=\"elementor-element elementor-element-3f21dc73 e-con-full e-flex e-con e-child\" data-id=\"3f21dc73\" data-element_type=\"container\">\n\t\t\t\t<div class=\"elementor-element elementor-element-2c6e3181 elementor-widget elementor-widget-image\" data-id=\"2c6e3181\" data-element_type=\"widget\" data-widget_type=\"image.default\">\n\t\t\t\t<div class=\"elementor-widget-container\">\n\t\t\t\t\t\t\t\t\t\t\t\t\t<img loading=\"lazy\" decoding=\"async\" width=\"878\" height=\"586\" src=\"https:\/\/lmsprovider.com\/wp-content\/uploads\/2024\/05\/Asset-Compliance-3.png\" class=\"attachment-full size-full wp-image-2418\" alt=\"\" srcset=\"https:\/\/lmsprovider.com\/wp-content\/uploads\/2024\/05\/Asset-Compliance-3.png 878w, https:\/\/lmsprovider.com\/wp-content\/uploads\/2024\/05\/Asset-Compliance-3-300x200.png 300w, https:\/\/lmsprovider.com\/wp-content\/uploads\/2024\/05\/Asset-Compliance-3-768x513.png 768w\" sizes=\"(max-width: 878px) 100vw, 878px\" \/>\t\t\t\t\t\t\t\t\t\t\t\t\t<\/div>\n\t\t\t\t<\/div>\n\t\t\t\t<div class=\"elementor-element elementor-element-526b2cc2 elementor-widget elementor-widget-jkit_heading\" data-id=\"526b2cc2\" data-element_type=\"widget\" data-widget_type=\"jkit_heading.default\">\n\t\t\t\t<div class=\"elementor-widget-container\">\n\t\t\t<div  class=\"jeg-elementor-kit jkit-heading  align-center align-tablet- align-mobile- jeg_module__2_6a0464d28c6dd\" ><div class=\"heading-section-title  display-inline-block\"><h2 class=\"heading-title\">Implementa\u00e7\u00e3o de Estrat\u00e9gias de Compliance<\/h2><\/div><div class=\"heading-section-description\"><p class=\"p1\">Uma parte crucial da entrada no mercado latino-americano \u00e9 garantir o cumprimento das leis e regulamentos locais. <span class=\"s1\"><b>Lincoln Management Services<\/b><\/span> trabalha para implementar estrat\u00e9gias de <i>compliance<\/i> robustas, incluindo a cria\u00e7\u00e3o de um programa de conformidade, treinamento de funcion\u00e1rios, <i>due diligence<\/i> de terceiros, e monitoramento cont\u00ednuo para identificar e mitigar riscos de n\u00e3o conformidade.<\/p><\/div><\/div>\t\t<\/div>\n\t\t\t\t<\/div>\n\t\t\t\t<\/div>\n\t\t<div class=\"elementor-element elementor-element-484a6192 e-con-full e-flex e-con e-child\" data-id=\"484a6192\" data-element_type=\"container\">\n\t\t\t\t<div class=\"elementor-element elementor-element-29cfc8e1 elementor-widget elementor-widget-image\" data-id=\"29cfc8e1\" data-element_type=\"widget\" data-widget_type=\"image.default\">\n\t\t\t\t<div class=\"elementor-widget-container\">\n\t\t\t\t\t\t\t\t\t\t\t\t\t<img loading=\"lazy\" decoding=\"async\" width=\"878\" height=\"586\" src=\"https:\/\/lmsprovider.com\/wp-content\/uploads\/2024\/05\/Asset-Compliance-4.png\" class=\"attachment-full size-full wp-image-2419\" alt=\"\" srcset=\"https:\/\/lmsprovider.com\/wp-content\/uploads\/2024\/05\/Asset-Compliance-4.png 878w, https:\/\/lmsprovider.com\/wp-content\/uploads\/2024\/05\/Asset-Compliance-4-300x200.png 300w, https:\/\/lmsprovider.com\/wp-content\/uploads\/2024\/05\/Asset-Compliance-4-768x513.png 768w\" sizes=\"(max-width: 878px) 100vw, 878px\" \/>\t\t\t\t\t\t\t\t\t\t\t\t\t<\/div>\n\t\t\t\t<\/div>\n\t\t\t\t<div class=\"elementor-element elementor-element-1f9e8533 elementor-widget elementor-widget-jkit_heading\" data-id=\"1f9e8533\" data-element_type=\"widget\" data-widget_type=\"jkit_heading.default\">\n\t\t\t\t<div class=\"elementor-widget-container\">\n\t\t\t<div  class=\"jeg-elementor-kit jkit-heading  align-center align-tablet- align-mobile- jeg_module__3_6a0464d28e18b\" ><div class=\"heading-section-title  display-inline-block\"><h2 class=\"heading-title\">Integra\u00e7\u00e3o da Governan\u00e7a, ESG e Compliance<\/h2><\/div><div class=\"heading-section-description\"><p class=\"p1\">Para garantir uma abordagem hol\u00edstica e integrada, <span class=\"s1\"><b>Lincoln Management Services<\/b><\/span> trabalha para integrar os princ\u00edpios de governan\u00e7a corporativa, ESG e <i>compliance<\/i> em todas as \u00e1reas da opera\u00e7\u00e3o da empresa no Brasil <span class=\"s2\">ou nos demais pa\u00edses latino-americanos<\/span>. Isso envolve a revis\u00e3o e aprimoramento de pol\u00edticas e procedimentos existentes para garantir que estejam alinhados com os padr\u00f5es mais elevados de responsabilidade corporativa e conformidade legal.<\/p><\/div><\/div>\t\t<\/div>\n\t\t\t\t<\/div>\n\t\t\t\t<\/div>\n\t\t<div class=\"elementor-element elementor-element-ec006fd e-con-full e-flex e-con e-child\" data-id=\"ec006fd\" data-element_type=\"container\">\n\t\t\t\t<div class=\"elementor-element elementor-element-23b07595 elementor-widget elementor-widget-image\" data-id=\"23b07595\" data-element_type=\"widget\" data-widget_type=\"image.default\">\n\t\t\t\t<div class=\"elementor-widget-container\">\n\t\t\t\t\t\t\t\t\t\t\t\t\t<img loading=\"lazy\" decoding=\"async\" width=\"878\" height=\"586\" src=\"https:\/\/lmsprovider.com\/wp-content\/uploads\/2024\/05\/Asset-Contabil-6.png\" class=\"attachment-full size-full wp-image-2414\" alt=\"\" srcset=\"https:\/\/lmsprovider.com\/wp-content\/uploads\/2024\/05\/Asset-Contabil-6.png 878w, https:\/\/lmsprovider.com\/wp-content\/uploads\/2024\/05\/Asset-Contabil-6-300x200.png 300w, https:\/\/lmsprovider.com\/wp-content\/uploads\/2024\/05\/Asset-Contabil-6-768x513.png 768w\" sizes=\"(max-width: 878px) 100vw, 878px\" \/>\t\t\t\t\t\t\t\t\t\t\t\t\t<\/div>\n\t\t\t\t<\/div>\n\t\t\t\t<div class=\"elementor-element elementor-element-6646358c elementor-widget elementor-widget-jkit_heading\" data-id=\"6646358c\" data-element_type=\"widget\" data-widget_type=\"jkit_heading.default\">\n\t\t\t\t<div class=\"elementor-widget-container\">\n\t\t\t<div  class=\"jeg-elementor-kit jkit-heading  align-center align-tablet- align-mobile- jeg_module__4_6a0464d28f8b2\" ><div class=\"heading-section-title  display-inline-block\"><h2 class=\"heading-title\">Monitoramento e Relat\u00f3rios<\/h2><\/div><div class=\"heading-section-description\"><p class=\"p1\">Uma vez implementadas, <span class=\"s1\"><b>Lincoln Management Services<\/b><\/span> auxilia na cria\u00e7\u00e3o de sistemas de monitoramento e relat\u00f3rios para acompanhar o desempenho da empresa em rela\u00e7\u00e3o aos objetivos de governan\u00e7a corporativa, ESG e <i>compliance<\/i>. Isso inclui a coleta e an\u00e1lise de m\u00e9tricas-chave, a prepara\u00e7\u00e3o de relat\u00f3rios peri\u00f3dicos e a divulga\u00e7\u00e3o transparente de informa\u00e7\u00f5es relevantes aos <i>stakeholders.<\/i><\/p><\/div><\/div>\t\t<\/div>\n\t\t\t\t<\/div>\n\t\t\t\t<\/div>\n\t\t\t\t<\/div>\n\t\t\t\t\t<\/div>\n\t\t\t\t<\/div>\n\t\t\t\t<\/div>\n\t\t","protected":false},"excerpt":{"rendered":"<p>Implementa\u00e7\u00e3o de Governan\u00e7a Corporativa, ESG e Compliance Quando empresas internacionais buscam estabelecer opera\u00e7\u00f5es no Brasil ou nos demais pa\u00edses latino-americanos, a implementa\u00e7\u00e3o de uma s\u00f3lida governan\u00e7a corporativa, pr\u00e1ticas ESG (Ambiental, Social e Governan\u00e7a) e compliance torna-se imperativa. Esses elementos n\u00e3o apenas promovem a transpar\u00eancia e a responsabilidade, mas tamb\u00e9m garantem a conformidade com as regulamenta\u00e7\u00f5es locais e refletem o compromisso &hellip;<\/p>\n","protected":false},"author":1,"featured_media":0,"parent":0,"menu_order":0,"comment_status":"closed","ping_status":"closed","template":"blank-builder.php","meta":{"footnotes":""},"_links":{"self":[{"href":"https:\/\/lmsprovider.com\/index.php?rest_route=\/wp\/v2\/pages\/1977"}],"collection":[{"href":"https:\/\/lmsprovider.com\/index.php?rest_route=\/wp\/v2\/pages"}],"about":[{"href":"https:\/\/lmsprovider.com\/index.php?rest_route=\/wp\/v2\/types\/page"}],"author":[{"embeddable":true,"href":"https:\/\/lmsprovider.com\/index.php?rest_route=\/wp\/v2\/users\/1"}],"replies":[{"embeddable":true,"href":"https:\/\/lmsprovider.com\/index.php?rest_route=%2Fwp%2Fv2%2Fcomments&post=1977"}],"version-history":[{"count":20,"href":"https:\/\/lmsprovider.com\/index.php?rest_route=\/wp\/v2\/pages\/1977\/revisions"}],"predecessor-version":[{"id":2456,"href":"https:\/\/lmsprovider.com\/index.php?rest_route=\/wp\/v2\/pages\/1977\/revisions\/2456"}],"wp:attachment":[{"href":"https:\/\/lmsprovider.com\/index.php?rest_route=%2Fwp%2Fv2%2Fmedia&parent=1977"}],"curies":[{"name":"wp","href":"https:\/\/api.w.org\/{rel}","templated":true}]}}