{"id":1988,"date":"2024-05-23T19:45:46","date_gmt":"2024-05-23T22:45:46","guid":{"rendered":"http:\/\/lmsprovider.com\/?page_id=1988"},"modified":"2024-05-28T14:26:42","modified_gmt":"2024-05-28T17:26:42","slug":"certificacao-port","status":"publish","type":"page","link":"https:\/\/lmsprovider.com\/?page_id=1988","title":{"rendered":"Certificacao PORT"},"content":{"rendered":"\t\t<div data-elementor-type=\"wp-page\" data-elementor-id=\"1988\" class=\"elementor elementor-1988\" data-elementor-post-type=\"page\">\n\t\t\t\t<div class=\"elementor-element elementor-element-5dd5000e e-flex e-con-boxed e-con e-parent\" data-id=\"5dd5000e\" data-element_type=\"container\">\n\t\t\t\t\t<div class=\"e-con-inner\">\n\t\t\t\t<div class=\"elementor-element elementor-element-6f96c3ee elementor-widget elementor-widget-spacer\" data-id=\"6f96c3ee\" data-element_type=\"widget\" data-widget_type=\"spacer.default\">\n\t\t\t\t<div class=\"elementor-widget-container\">\n\t\t\t<style>\/*! elementor - v3.21.0 - 26-05-2024 *\/\n.elementor-column .elementor-spacer-inner{height:var(--spacer-size)}.e-con{--container-widget-width:100%}.e-con-inner>.elementor-widget-spacer,.e-con>.elementor-widget-spacer{width:var(--container-widget-width,var(--spacer-size));--align-self:var(--container-widget-align-self,initial);--flex-shrink:0}.e-con-inner>.elementor-widget-spacer>.elementor-widget-container,.e-con>.elementor-widget-spacer>.elementor-widget-container{height:100%;width:100%}.e-con-inner>.elementor-widget-spacer>.elementor-widget-container>.elementor-spacer,.e-con>.elementor-widget-spacer>.elementor-widget-container>.elementor-spacer{height:100%}.e-con-inner>.elementor-widget-spacer>.elementor-widget-container>.elementor-spacer>.elementor-spacer-inner,.e-con>.elementor-widget-spacer>.elementor-widget-container>.elementor-spacer>.elementor-spacer-inner{height:var(--container-widget-height,var(--spacer-size))}.e-con-inner>.elementor-widget-spacer.elementor-widget-empty,.e-con>.elementor-widget-spacer.elementor-widget-empty{position:relative;min-height:22px;min-width:22px}.e-con-inner>.elementor-widget-spacer.elementor-widget-empty .elementor-widget-empty-icon,.e-con>.elementor-widget-spacer.elementor-widget-empty .elementor-widget-empty-icon{position:absolute;top:0;bottom:0;left:0;right:0;margin:auto;padding:0;width:22px;height:22px}<\/style>\t\t<div class=\"elementor-spacer\">\n\t\t\t<div class=\"elementor-spacer-inner\"><\/div>\n\t\t<\/div>\n\t\t\t\t<\/div>\n\t\t\t\t<\/div>\n\t\t\t\t\t<\/div>\n\t\t\t\t<\/div>\n\t\t<div class=\"elementor-element elementor-element-1e47f059 e-con-full e-flex e-con e-parent\" data-id=\"1e47f059\" data-element_type=\"container\">\n\t\t<div class=\"elementor-element elementor-element-5982630e e-flex e-con-boxed e-con e-child\" data-id=\"5982630e\" data-element_type=\"container\" data-settings=\"{&quot;background_background&quot;:&quot;classic&quot;}\">\n\t\t\t\t\t<div class=\"e-con-inner\">\n\t\t<div class=\"elementor-element elementor-element-55f811f1 e-con-full e-flex e-con e-child\" data-id=\"55f811f1\" data-element_type=\"container\">\n\t\t\t\t<div class=\"elementor-element elementor-element-2521b3b0 elementor-widget elementor-widget-heading\" data-id=\"2521b3b0\" data-element_type=\"widget\" data-widget_type=\"heading.default\">\n\t\t\t\t<div class=\"elementor-widget-container\">\n\t\t\t<style>\/*! elementor - v3.21.0 - 26-05-2024 *\/\n.elementor-heading-title{padding:0;margin:0;line-height:1}.elementor-widget-heading .elementor-heading-title[class*=elementor-size-]>a{color:inherit;font-size:inherit;line-height:inherit}.elementor-widget-heading .elementor-heading-title.elementor-size-small{font-size:15px}.elementor-widget-heading .elementor-heading-title.elementor-size-medium{font-size:19px}.elementor-widget-heading .elementor-heading-title.elementor-size-large{font-size:29px}.elementor-widget-heading .elementor-heading-title.elementor-size-xl{font-size:39px}.elementor-widget-heading .elementor-heading-title.elementor-size-xxl{font-size:59px}<\/style><h2 class=\"elementor-heading-title elementor-size-default\">Apoio nas Certifica\u00e7\u00f5es ISO e de Com\u00e9rcio Exterior<\/h2>\t\t<\/div>\n\t\t\t\t<\/div>\n\t\t\t\t<\/div>\n\t\t<div class=\"elementor-element elementor-element-6c86abb7 e-con-full e-flex e-con e-child\" data-id=\"6c86abb7\" data-element_type=\"container\">\n\t\t\t\t<\/div>\n\t\t\t\t\t<\/div>\n\t\t\t\t<\/div>\n\t\t\t\t<\/div>\n\t\t<div class=\"elementor-element elementor-element-3496c682 e-flex e-con-boxed e-con e-parent\" data-id=\"3496c682\" data-element_type=\"container\">\n\t\t\t\t\t<div class=\"e-con-inner\">\n\t\t<div class=\"elementor-element elementor-element-6bc50104 e-con-full e-flex e-con e-child\" data-id=\"6bc50104\" data-element_type=\"container\" data-settings=\"{&quot;background_background&quot;:&quot;classic&quot;}\">\n\t\t\t\t<div class=\"elementor-element elementor-element-ab106f3 elementor-widget elementor-widget-text-editor\" data-id=\"ab106f3\" data-element_type=\"widget\" data-widget_type=\"text-editor.default\">\n\t\t\t\t<div class=\"elementor-widget-container\">\n\t\t\t<style>\/*! elementor - v3.21.0 - 26-05-2024 *\/\n.elementor-widget-text-editor.elementor-drop-cap-view-stacked .elementor-drop-cap{background-color:#69727d;color:#fff}.elementor-widget-text-editor.elementor-drop-cap-view-framed .elementor-drop-cap{color:#69727d;border:3px solid;background-color:transparent}.elementor-widget-text-editor:not(.elementor-drop-cap-view-default) .elementor-drop-cap{margin-top:8px}.elementor-widget-text-editor:not(.elementor-drop-cap-view-default) .elementor-drop-cap-letter{width:1em;height:1em}.elementor-widget-text-editor .elementor-drop-cap{float:left;text-align:center;line-height:1;font-size:50px}.elementor-widget-text-editor .elementor-drop-cap-letter{display:inline-block}<\/style>\t\t\t\t<p class=\"p1\">Para empresas internacionais que desejam estabelecer opera\u00e7\u00f5es no Brasil <span class=\"s1\">ou nos demais pa\u00edses latino-americanos<\/span>, a obten\u00e7\u00e3o de certifica\u00e7\u00f5es ISO (Organiza\u00e7\u00e3o Internacional de Normaliza\u00e7\u00e3o) e certifica\u00e7\u00f5es de com\u00e9rcio exterior s\u00e3o passos essenciais para garantir a conformidade com padr\u00f5es de qualidade e regulamenta\u00e7\u00f5es comerciais locais. Oferecemos apoio especializado para ajudar as empresas a obterem essas certifica\u00e7\u00f5es de maneira eficiente e eficaz.<\/p>\t\t\t\t\t\t<\/div>\n\t\t\t\t<\/div>\n\t\t\t\t<\/div>\n\t\t\t\t\t<\/div>\n\t\t\t\t<\/div>\n\t\t<div class=\"elementor-element elementor-element-344348fd e-flex e-con-boxed e-con e-parent\" data-id=\"344348fd\" data-element_type=\"container\">\n\t\t\t\t\t<div class=\"e-con-inner\">\n\t\t<div class=\"elementor-element elementor-element-4dbff6d0 e-con-full e-flex e-con e-child\" data-id=\"4dbff6d0\" data-element_type=\"container\">\n\t\t<div class=\"elementor-element elementor-element-53dad1de e-con-full e-flex e-con e-child\" data-id=\"53dad1de\" data-element_type=\"container\">\n\t\t<div class=\"elementor-element elementor-element-6ce3b033 e-con-full e-flex e-con e-child\" data-id=\"6ce3b033\" data-element_type=\"container\">\n\t\t\t\t<div class=\"elementor-element elementor-element-1e2f74b6 jkit-equal-height-disable elementor-widget elementor-widget-jkit_icon_box\" data-id=\"1e2f74b6\" data-element_type=\"widget\" data-widget_type=\"jkit_icon_box.default\">\n\t\t\t\t<div class=\"elementor-widget-container\">\n\t\t\t<div  class=\"jeg-elementor-kit jkit-icon-box icon-position-left elementor-animation- jeg_module___6a07fb8fed2a0\" ><a href=\"#\" class=\"icon-box-link\" aria-label=\"Learn More\"><div class=\"jkit-icon-box-wrapper hover-from-left\"><div class=\"icon-box icon-box-header elementor-animation-\"><div class=\"icon style-color\"><img fetchpriority=\"high\" decoding=\"async\" width=\"490\" height=\"490\" src=\"https:\/\/lmsprovider.com\/wp-content\/uploads\/2024\/05\/Asset-020.png\" class=\"attachment-full size-full\" alt=\"Avalia\u00e7\u00e3o das Necessidades e Requisitos\" srcset=\"https:\/\/lmsprovider.com\/wp-content\/uploads\/2024\/05\/Asset-020.png 490w, https:\/\/lmsprovider.com\/wp-content\/uploads\/2024\/05\/Asset-020-300x300.png 300w, https:\/\/lmsprovider.com\/wp-content\/uploads\/2024\/05\/Asset-020-150x150.png 150w\" sizes=\"(max-width: 490px) 100vw, 490px\" \/><\/div><\/div><div class=\"icon-box icon-box-body\">\n                <h4 class=\"title\">Avalia\u00e7\u00e3o das Necessidades e Requisitos<\/h4><p class=\"icon-box-description\">Lincoln Management Services come\u00e7a realizando uma avalia\u00e7\u00e3o detalhada das necessidades e requisitos da empresa em rela\u00e7\u00e3o \u00e0s certifica\u00e7\u00f5es ISO e de com\u00e9rcio exterior nos pa\u00edses da Am\u00e9rica Latina. Isso inclui identificar as normas espec\u00edficas que se aplicam ao setor da empresa e entender as exig\u00eancias legais e regulat\u00f3rias locais.<\/p>\n            <\/div>\n            \n            <\/div><\/a><\/div>\t\t<\/div>\n\t\t\t\t<\/div>\n\t\t\t\t<\/div>\n\t\t<div class=\"elementor-element elementor-element-66d6102e e-con-full e-flex e-con e-child\" data-id=\"66d6102e\" data-element_type=\"container\">\n\t\t\t\t<div class=\"elementor-element elementor-element-2b273869 jkit-equal-height-disable elementor-widget elementor-widget-jkit_icon_box\" data-id=\"2b273869\" data-element_type=\"widget\" data-widget_type=\"jkit_icon_box.default\">\n\t\t\t\t<div class=\"elementor-widget-container\">\n\t\t\t<div  class=\"jeg-elementor-kit jkit-icon-box icon-position-left elementor-animation- jeg_module__1_6a07fb8feea18\" ><a href=\"#\" class=\"icon-box-link\" aria-label=\"Learn More\"><div class=\"jkit-icon-box-wrapper hover-from-left\"><div class=\"icon-box icon-box-header elementor-animation-\"><div class=\"icon style-color\"><img decoding=\"async\" width=\"490\" height=\"490\" src=\"https:\/\/lmsprovider.com\/wp-content\/uploads\/2024\/05\/Asset-020.png\" class=\"attachment-full size-full\" alt=\"Desenvolvimento de Planos de Implementa\u00e7\u00e3o\" srcset=\"https:\/\/lmsprovider.com\/wp-content\/uploads\/2024\/05\/Asset-020.png 490w, https:\/\/lmsprovider.com\/wp-content\/uploads\/2024\/05\/Asset-020-300x300.png 300w, https:\/\/lmsprovider.com\/wp-content\/uploads\/2024\/05\/Asset-020-150x150.png 150w\" sizes=\"(max-width: 490px) 100vw, 490px\" \/><\/div><\/div><div class=\"icon-box icon-box-body\">\n                <h4 class=\"title\">Desenvolvimento de Planos de Implementa\u00e7\u00e3o<\/h4><p class=\"icon-box-description\">Com base na avalia\u00e7\u00e3o inicial, Lincoln Management Services elabora planos de implementa\u00e7\u00e3o personalizados para cada certifica\u00e7\u00e3o necess\u00e1ria. Isso envolve a defini\u00e7\u00e3o de metas, cronogramas e aloca\u00e7\u00e3o de recursos para garantir uma abordagem sistem\u00e1tica e organizada para o processo de certifica\u00e7\u00e3o.<\/p>\n            <\/div>\n            \n            <\/div><\/a><\/div>\t\t<\/div>\n\t\t\t\t<\/div>\n\t\t\t\t<\/div>\n\t\t\t\t<\/div>\n\t\t\t\t<\/div>\n\t\t<div class=\"elementor-element elementor-element-ed23558 e-con-full e-flex e-con e-child\" data-id=\"ed23558\" data-element_type=\"container\">\n\t\t\t\t<div class=\"elementor-element elementor-element-4c504bf4 elementor-widget elementor-widget-image\" data-id=\"4c504bf4\" data-element_type=\"widget\" data-widget_type=\"image.default\">\n\t\t\t\t<div class=\"elementor-widget-container\">\n\t\t\t<style>\/*! elementor - v3.21.0 - 26-05-2024 *\/\n.elementor-widget-image{text-align:center}.elementor-widget-image a{display:inline-block}.elementor-widget-image a img[src$=\".svg\"]{width:48px}.elementor-widget-image img{vertical-align:middle;display:inline-block}<\/style>\t\t\t\t\t\t\t\t\t\t<img decoding=\"async\" width=\"916\" height=\"766\" src=\"https:\/\/lmsprovider.com\/wp-content\/uploads\/2024\/05\/Asset-01-Certificacao.png\" class=\"attachment-full size-full wp-image-2027\" alt=\"\" srcset=\"https:\/\/lmsprovider.com\/wp-content\/uploads\/2024\/05\/Asset-01-Certificacao.png 916w, https:\/\/lmsprovider.com\/wp-content\/uploads\/2024\/05\/Asset-01-Certificacao-300x251.png 300w, https:\/\/lmsprovider.com\/wp-content\/uploads\/2024\/05\/Asset-01-Certificacao-768x642.png 768w\" sizes=\"(max-width: 916px) 100vw, 916px\" \/>\t\t\t\t\t\t\t\t\t\t\t\t\t<\/div>\n\t\t\t\t<\/div>\n\t\t\t\t<\/div>\n\t\t\t\t\t<\/div>\n\t\t\t\t<\/div>\n\t\t<div class=\"elementor-element elementor-element-dead59 e-flex e-con-boxed e-con e-parent\" data-id=\"dead59\" data-element_type=\"container\">\n\t\t\t\t\t<div class=\"e-con-inner\">\n\t\t\t\t<div class=\"elementor-element elementor-element-17daa112 elementor-widget__width-initial elementor-widget elementor-widget-heading\" data-id=\"17daa112\" data-element_type=\"widget\" data-widget_type=\"heading.default\">\n\t\t\t\t<div class=\"elementor-widget-container\">\n\t\t\t<h2 class=\"elementor-heading-title elementor-size-default\">E mais...<\/h2>\t\t<\/div>\n\t\t\t\t<\/div>\n\t\t<div class=\"elementor-element elementor-element-1b2268a6 e-con-full e-flex e-con e-child\" data-id=\"1b2268a6\" data-element_type=\"container\">\n\t\t<div class=\"elementor-element elementor-element-3f21dc73 e-con-full e-flex e-con e-child\" data-id=\"3f21dc73\" data-element_type=\"container\">\n\t\t\t\t<div class=\"elementor-element elementor-element-2c6e3181 elementor-widget elementor-widget-image\" data-id=\"2c6e3181\" data-element_type=\"widget\" data-widget_type=\"image.default\">\n\t\t\t\t<div class=\"elementor-widget-container\">\n\t\t\t\t\t\t\t\t\t\t\t\t\t<img loading=\"lazy\" decoding=\"async\" width=\"878\" height=\"586\" src=\"https:\/\/lmsprovider.com\/wp-content\/uploads\/2024\/05\/Asset-Certificacao-3.png\" class=\"attachment-full size-full wp-image-2428\" alt=\"\" srcset=\"https:\/\/lmsprovider.com\/wp-content\/uploads\/2024\/05\/Asset-Certificacao-3.png 878w, https:\/\/lmsprovider.com\/wp-content\/uploads\/2024\/05\/Asset-Certificacao-3-300x200.png 300w, https:\/\/lmsprovider.com\/wp-content\/uploads\/2024\/05\/Asset-Certificacao-3-768x513.png 768w\" sizes=\"(max-width: 878px) 100vw, 878px\" \/>\t\t\t\t\t\t\t\t\t\t\t\t\t<\/div>\n\t\t\t\t<\/div>\n\t\t\t\t<div class=\"elementor-element elementor-element-526b2cc2 elementor-widget elementor-widget-jkit_heading\" data-id=\"526b2cc2\" data-element_type=\"widget\" data-widget_type=\"jkit_heading.default\">\n\t\t\t\t<div class=\"elementor-widget-container\">\n\t\t\t<div  class=\"jeg-elementor-kit jkit-heading  align-center align-tablet- align-mobile- jeg_module__2_6a07fb8ff3c67\" ><div class=\"heading-section-title  display-inline-block\"><h2 class=\"heading-title\">Prepara\u00e7\u00e3o Documental e Procedimental<\/h2><\/div><div class=\"heading-section-description\"><p class=\"p1\">Uma parte importante do processo de certifica\u00e7\u00e3o \u00e9 garantir que a documenta\u00e7\u00e3o e os procedimentos da empresa estejam em conformidade com os requisitos das normas ISO e das regulamenta\u00e7\u00f5es de com\u00e9rcio exterior. <span class=\"s1\"><b>Lincoln Management Services<\/b><\/span> auxilia na revis\u00e3o e elabora\u00e7\u00e3o de pol\u00edticas, procedimentos e registros necess\u00e1rios para atender aos padr\u00f5es exigidos.<\/p><\/div><\/div>\t\t<\/div>\n\t\t\t\t<\/div>\n\t\t\t\t<\/div>\n\t\t<div class=\"elementor-element elementor-element-484a6192 e-con-full e-flex e-con e-child\" data-id=\"484a6192\" data-element_type=\"container\">\n\t\t\t\t<div class=\"elementor-element elementor-element-29cfc8e1 elementor-widget elementor-widget-image\" data-id=\"29cfc8e1\" data-element_type=\"widget\" data-widget_type=\"image.default\">\n\t\t\t\t<div class=\"elementor-widget-container\">\n\t\t\t\t\t\t\t\t\t\t\t\t\t<img loading=\"lazy\" decoding=\"async\" width=\"878\" height=\"586\" src=\"https:\/\/lmsprovider.com\/wp-content\/uploads\/2024\/05\/Asset-Certificacao-4.png\" class=\"attachment-full size-full wp-image-2429\" alt=\"\" srcset=\"https:\/\/lmsprovider.com\/wp-content\/uploads\/2024\/05\/Asset-Certificacao-4.png 878w, https:\/\/lmsprovider.com\/wp-content\/uploads\/2024\/05\/Asset-Certificacao-4-300x200.png 300w, https:\/\/lmsprovider.com\/wp-content\/uploads\/2024\/05\/Asset-Certificacao-4-768x513.png 768w\" sizes=\"(max-width: 878px) 100vw, 878px\" \/>\t\t\t\t\t\t\t\t\t\t\t\t\t<\/div>\n\t\t\t\t<\/div>\n\t\t\t\t<div class=\"elementor-element elementor-element-1f9e8533 elementor-widget elementor-widget-jkit_heading\" data-id=\"1f9e8533\" data-element_type=\"widget\" data-widget_type=\"jkit_heading.default\">\n\t\t\t\t<div class=\"elementor-widget-container\">\n\t\t\t<div  class=\"jeg-elementor-kit jkit-heading  align-center align-tablet- align-mobile- jeg_module__3_6a07fb9001410\" ><div class=\"heading-section-title  display-inline-block\"><h2 class=\"heading-title\">Auditorias e Prepara\u00e7\u00e3o para Auditorias<\/h2><\/div><div class=\"heading-section-description\"><p class=\"p1\">Antes de buscar a certifica\u00e7\u00e3o, <span class=\"s1\"><b>Lincoln Management Services<\/b><\/span> realiza auditorias internas para garantir que todos os requisitos estejam sendo atendidos de acordo com as normas ISO e de com\u00e9rcio exterior. Al\u00e9m disso, ajuda a empresa a se preparar para auditorias externas, fornecendo orienta\u00e7\u00f5es e suporte durante o processo.<\/p><\/div><\/div>\t\t<\/div>\n\t\t\t\t<\/div>\n\t\t\t\t<\/div>\n\t\t<div class=\"elementor-element elementor-element-ec006fd e-con-full e-flex e-con e-child\" data-id=\"ec006fd\" data-element_type=\"container\">\n\t\t\t\t<div class=\"elementor-element elementor-element-23b07595 elementor-widget elementor-widget-image\" data-id=\"23b07595\" data-element_type=\"widget\" data-widget_type=\"image.default\">\n\t\t\t\t<div class=\"elementor-widget-container\">\n\t\t\t\t\t\t\t\t\t\t\t\t\t<img loading=\"lazy\" decoding=\"async\" width=\"878\" height=\"586\" src=\"https:\/\/lmsprovider.com\/wp-content\/uploads\/2024\/05\/Asset-Juridico-5.png\" class=\"attachment-full size-full wp-image-2406\" alt=\"\" srcset=\"https:\/\/lmsprovider.com\/wp-content\/uploads\/2024\/05\/Asset-Juridico-5.png 878w, https:\/\/lmsprovider.com\/wp-content\/uploads\/2024\/05\/Asset-Juridico-5-300x200.png 300w, https:\/\/lmsprovider.com\/wp-content\/uploads\/2024\/05\/Asset-Juridico-5-768x513.png 768w\" sizes=\"(max-width: 878px) 100vw, 878px\" \/>\t\t\t\t\t\t\t\t\t\t\t\t\t<\/div>\n\t\t\t\t<\/div>\n\t\t\t\t<div class=\"elementor-element elementor-element-6646358c elementor-widget elementor-widget-jkit_heading\" data-id=\"6646358c\" data-element_type=\"widget\" data-widget_type=\"jkit_heading.default\">\n\t\t\t\t<div class=\"elementor-widget-container\">\n\t\t\t<div  class=\"jeg-elementor-kit jkit-heading  align-center align-tablet- align-mobile- jeg_module__4_6a07fb9002a25\" ><div class=\"heading-section-title  display-inline-block\"><h2 class=\"heading-title\">Suporte durante o Processo de Certifica\u00e7\u00e3o<\/h2><\/div><div class=\"heading-section-description\"><p class=\"p1\">Durante o processo de certifica\u00e7\u00e3o, <span class=\"s1\"><b>Lincoln Management Services<\/b><\/span> est\u00e1 dispon\u00edvel para oferecer suporte adicional conforme necess\u00e1rio. Isso pode incluir revis\u00e3o de documentos, resolu\u00e7\u00e3o de n\u00e3o conformidades identificadas durante auditorias e fornecimento de orienta\u00e7\u00f5es sobre como lidar com desafios espec\u00edficos que possam surgir.<\/p><\/div><\/div>\t\t<\/div>\n\t\t\t\t<\/div>\n\t\t\t\t<\/div>\n\t\t<div class=\"elementor-element elementor-element-44537213 e-con-full e-flex e-con e-child\" data-id=\"44537213\" data-element_type=\"container\">\n\t\t\t\t<div class=\"elementor-element elementor-element-5aa53c elementor-widget elementor-widget-image\" data-id=\"5aa53c\" data-element_type=\"widget\" data-widget_type=\"image.default\">\n\t\t\t\t<div class=\"elementor-widget-container\">\n\t\t\t\t\t\t\t\t\t\t\t\t\t<img loading=\"lazy\" decoding=\"async\" width=\"878\" height=\"586\" src=\"https:\/\/lmsprovider.com\/wp-content\/uploads\/2024\/05\/Asset-Certificacao-6.png\" class=\"attachment-full size-full wp-image-2430\" alt=\"\" srcset=\"https:\/\/lmsprovider.com\/wp-content\/uploads\/2024\/05\/Asset-Certificacao-6.png 878w, https:\/\/lmsprovider.com\/wp-content\/uploads\/2024\/05\/Asset-Certificacao-6-300x200.png 300w, https:\/\/lmsprovider.com\/wp-content\/uploads\/2024\/05\/Asset-Certificacao-6-768x513.png 768w\" sizes=\"(max-width: 878px) 100vw, 878px\" \/>\t\t\t\t\t\t\t\t\t\t\t\t\t<\/div>\n\t\t\t\t<\/div>\n\t\t\t\t<div class=\"elementor-element elementor-element-7bae86ea elementor-widget elementor-widget-jkit_heading\" data-id=\"7bae86ea\" data-element_type=\"widget\" data-widget_type=\"jkit_heading.default\">\n\t\t\t\t<div class=\"elementor-widget-container\">\n\t\t\t<div  class=\"jeg-elementor-kit jkit-heading  align-center align-tablet- align-mobile- jeg_module__5_6a07fb9003f83\" ><div class=\"heading-section-title  display-inline-block\"><h2 class=\"heading-title\">Acompanhamento P\u00f3s-Certifica\u00e7\u00e3o<\/h2><\/div><div class=\"heading-section-description\"><p class=\"p1\">Ap\u00f3s a obten\u00e7\u00e3o das certifica\u00e7\u00f5es, <span class=\"s1\"><b>Lincoln Management Services<\/b><\/span> continua oferecendo suporte \u00e0 empresa para garantir a manuten\u00e7\u00e3o e melhoria cont\u00ednua dos padr\u00f5es de qualidade e conformidade. Isso pode envolver a realiza\u00e7\u00e3o de auditorias peri\u00f3dicas, revis\u00e3o de procedimentos e treinamento cont\u00ednuo para a equipe.<\/p><\/div><\/div>\t\t<\/div>\n\t\t\t\t<\/div>\n\t\t\t\t<\/div>\n\t\t\t\t<\/div>\n\t\t\t\t\t<\/div>\n\t\t\t\t<\/div>\n\t\t\t\t<\/div>\n\t\t","protected":false},"excerpt":{"rendered":"<p>Apoio nas Certifica\u00e7\u00f5es ISO e de Com\u00e9rcio Exterior Para empresas internacionais que desejam estabelecer opera\u00e7\u00f5es no Brasil ou nos demais pa\u00edses latino-americanos, a obten\u00e7\u00e3o de certifica\u00e7\u00f5es ISO (Organiza\u00e7\u00e3o Internacional de Normaliza\u00e7\u00e3o) e certifica\u00e7\u00f5es de com\u00e9rcio exterior s\u00e3o passos essenciais para garantir a conformidade com padr\u00f5es de qualidade e regulamenta\u00e7\u00f5es comerciais locais. Oferecemos apoio especializado para ajudar as empresas a obterem &hellip;<\/p>\n","protected":false},"author":1,"featured_media":0,"parent":0,"menu_order":0,"comment_status":"closed","ping_status":"closed","template":"blank-builder.php","meta":{"footnotes":""},"_links":{"self":[{"href":"https:\/\/lmsprovider.com\/index.php?rest_route=\/wp\/v2\/pages\/1988"}],"collection":[{"href":"https:\/\/lmsprovider.com\/index.php?rest_route=\/wp\/v2\/pages"}],"about":[{"href":"https:\/\/lmsprovider.com\/index.php?rest_route=\/wp\/v2\/types\/page"}],"author":[{"embeddable":true,"href":"https:\/\/lmsprovider.com\/index.php?rest_route=\/wp\/v2\/users\/1"}],"replies":[{"embeddable":true,"href":"https:\/\/lmsprovider.com\/index.php?rest_route=%2Fwp%2Fv2%2Fcomments&post=1988"}],"version-history":[{"count":22,"href":"https:\/\/lmsprovider.com\/index.php?rest_route=\/wp\/v2\/pages\/1988\/revisions"}],"predecessor-version":[{"id":2462,"href":"https:\/\/lmsprovider.com\/index.php?rest_route=\/wp\/v2\/pages\/1988\/revisions\/2462"}],"wp:attachment":[{"href":"https:\/\/lmsprovider.com\/index.php?rest_route=%2Fwp%2Fv2%2Fmedia&parent=1988"}],"curies":[{"name":"wp","href":"https:\/\/api.w.org\/{rel}","templated":true}]}}